{"id":7310,"date":"2017-12-13T11:42:10","date_gmt":"2017-12-13T10:42:10","guid":{"rendered":"http:\/\/travaux.korigan.fr\/_campingdie\/campingplatz\/"},"modified":"2026-01-23T14:59:49","modified_gmt":"2026-01-23T13:59:49","slug":"campingplatz-2","status":"publish","type":"page","link":"https:\/\/www.camping-die.com\/de\/campingplatz-2\/","title":{"rendered":"Campingplatz"},"content":{"rendered":"[vc_row type=&#8220;full_width_background&#8220; full_screen_row_position=&#8220;middle&#8220; column_margin=&#8220;20px&#8220; bg_color=&#8220;#f29001&#8243; scene_position=&#8220;center&#8220; text_color=&#8220;dark&#8220; text_align=&#8220;left&#8220; zindex=&#8220;999&#8243; overlay_strength=&#8220;0.3&#8243; shape_divider_position=&#8220;bottom&#8220; bg_image_animation=&#8220;none&#8220; shape_type=&#8220;&#8220;][vc_column column_padding=&#8220;no-extra-padding&#8220; column_padding_position=&#8220;all&#8220; background_color_opacity=&#8220;1&#8243; background_hover_color_opacity=&#8220;1&#8243; column_link_target=&#8220;_self&#8220; column_shadow=&#8220;none&#8220; column_border_radius=&#8220;none&#8220; width=&#8220;1\/1&#8243; tablet_width_inherit=&#8220;default&#8220; tablet_text_alignment=&#8220;default&#8220; phone_text_alignment=&#8220;default&#8220; overlay_strength=&#8220;0.3&#8243; column_border_width=&#8220;none&#8220; column_border_style=&#8220;solid&#8220; bg_image_animation=&#8220;none&#8220;][vc_column_text css=&#8220;.vc_custom_1711026621761{padding-top: 20px !important;padding-right: 20px !important;padding-bottom: 20px !important;padding-left: 20px !important;}&#8220;]\n<p style=\"text-align: center; color: #ffffff; font-size: 1.2em;\"><span style=\"color: #ffffff;\"><strong><a style=\"color: #ffffff;\" href=\"https:\/\/thelisresa.webcamp.fr\/list.php?camping=die26&amp;mode=modal&amp;begin=2024-03-21&amp;end=2024-03-28&amp;lang=fr&amp;PHPSESSID=7kolmq7juvpha90h63e8k58mnh&amp;type=2&amp;nb_pers=2&amp;duration=7\">PROMOTION -20% sur le s\u00e9jour entre le 31 Juillet et le 4 Ao\u00fbt sur une location de chalet confort<\/a> <\/strong><\/span><\/p>\n[\/vc_column_text][\/vc_column][\/vc_row][vc_row type=&#8220;in_container&#8220; full_screen_row_position=&#8220;middle&#8220; column_margin=&#8220;default&#8220; scene_position=&#8220;center&#8220; text_color=&#8220;dark&#8220; text_align=&#8220;left&#8220; top_padding=&#8220;55&#8243; overlay_strength=&#8220;0.3&#8243; shape_divider_position=&#8220;bottom&#8220; bg_image_animation=&#8220;none&#8220; shape_type=&#8220;&#8220;][vc_column column_padding=&#8220;no-extra-padding&#8220; column_padding_position=&#8220;all&#8220; background_color_opacity=&#8220;1&#8243; background_hover_color_opacity=&#8220;1&#8243; column_link_target=&#8220;_self&#8220; column_shadow=&#8220;none&#8220; column_border_radius=&#8220;none&#8220; width=&#8220;1\/1&#8243; tablet_width_inherit=&#8220;default&#8220; tablet_text_alignment=&#8220;default&#8220; phone_text_alignment=&#8220;default&#8220; overlay_strength=&#8220;0.3&#8243; column_border_width=&#8220;none&#8220; column_border_style=&#8220;solid&#8220; bg_image_animation=&#8220;none&#8220;][vc_row_inner column_margin=&#8220;default&#8220; text_align=&#8220;left&#8220;][vc_column_inner background_image=&#8220;8853&#8243; enable_bg_scale=&#8220;true&#8220; column_padding=&#8220;no-extra-padding&#8220; column_padding_position=&#8220;all&#8220; background_color_opacity=&#8220;1&#8243; background_color_hover=&#8220;#5aaeaf&#8220; background_hover_color_opacity=&#8220;0.3&#8243; column_shadow=&#8220;none&#8220; column_border_radius=&#8220;none&#8220; column_link_target=&#8220;_self&#8220; width=&#8220;1\/2&#8243; tablet_width_inherit=&#8220;default&#8220; overlay_strength=&#8220;0.3&#8243; column_border_width=&#8220;none&#8220; column_border_style=&#8220;solid&#8220; bg_image_animation=&#8220;none&#8220; column_link=&#8220;https:\/\/www.camping-die.com\/le-camping\/presentation\/&#8220;][divider line_type=&#8220;No Line&#8220; custom_height=&#8220;3&#8243;][nectar_btn size=&#8220;large&#8220; button_style=&#8220;regular&#8220; button_color_2=&#8220;Accent-Color&#8220; icon_family=&#8220;none&#8220; url=&#8220;https:\/\/www.camping-die.com\/le-camping\/presentation\/&#8220; text=&#8220;PR\u00c4SENTATION&#8220;]<div class=\"ult-spacer spacer-6a01eddf254f1\" data-id=\"6a01eddf254f1\" data-height=\"160\" data-height-mobile=\"160\" data-height-tab=\"160\" data-height-tab-portrait=\"\" data-height-mobile-landscape=\"\" style=\"clear:both;display:block;\"><\/div>[\/vc_column_inner][vc_column_inner background_image=&#8220;8837&#8243; enable_bg_scale=&#8220;true&#8220; column_padding=&#8220;no-extra-padding&#8220; column_padding_position=&#8220;all&#8220; background_color_opacity=&#8220;1&#8243; background_color_hover=&#8220;#7db927&#8243; background_hover_color_opacity=&#8220;0.3&#8243; column_shadow=&#8220;none&#8220; column_border_radius=&#8220;none&#8220; column_link_target=&#8220;_self&#8220; width=&#8220;1\/2&#8243; tablet_width_inherit=&#8220;default&#8220; overlay_strength=&#8220;0.3&#8243; column_border_width=&#8220;none&#8220; column_border_style=&#8220;solid&#8220; bg_image_animation=&#8220;none&#8220; column_link=&#8220;https:\/\/www.camping-die.com\/le-camping\/baignade\/&#8220;][divider line_type=&#8220;No Line&#8220; custom_height=&#8220;3&#8243;][nectar_btn size=&#8220;large&#8220; button_style=&#8220;regular&#8220; button_color_2=&#8220;Extra-Color-2&#8243; icon_family=&#8220;none&#8220; url=&#8220;https:\/\/www.camping-die.com\/le-camping\/baignade\/&#8220; text=&#8220;BADEN&#8220;]<div class=\"ult-spacer spacer-6a01eddf25537\" data-id=\"6a01eddf25537\" data-height=\"160\" data-height-mobile=\"160\" data-height-tab=\"160\" data-height-tab-portrait=\"\" data-height-mobile-landscape=\"\" style=\"clear:both;display:block;\"><\/div>[\/vc_column_inner][\/vc_row_inner][vc_row_inner column_margin=&#8220;default&#8220; text_align=&#8220;left&#8220;][vc_column_inner background_image=&#8220;5880&#8243; enable_bg_scale=&#8220;true&#8220; column_padding=&#8220;no-extra-padding&#8220; column_padding_position=&#8220;all&#8220; background_color_opacity=&#8220;1&#8243; background_color_hover=&#8220;#5aaeaf&#8220; background_hover_color_opacity=&#8220;0.3&#8243; column_shadow=&#8220;none&#8220; column_border_radius=&#8220;none&#8220; column_link_target=&#8220;_self&#8220; width=&#8220;1\/2&#8243; tablet_width_inherit=&#8220;default&#8220; overlay_strength=&#8220;0.3&#8243; column_border_width=&#8220;none&#8220; column_border_style=&#8220;solid&#8220; bg_image_animation=&#8220;none&#8220; column_link=&#8220;https:\/\/www.camping-die.com\/le-camping\/tarifs\/&#8220;][divider line_type=&#8220;No Line&#8220; custom_height=&#8220;3&#8243;][nectar_btn size=&#8220;large&#8220; button_style=&#8220;regular&#8220; button_color_2=&#8220;Accent-Color&#8220; icon_family=&#8220;none&#8220; url=&#8220;https:\/\/www.camping-die.com\/le-camping\/tarifs\/&#8220; text=&#8220;PREISE&#8220;]<div class=\"ult-spacer spacer-6a01eddf25561\" data-id=\"6a01eddf25561\" data-height=\"160\" data-height-mobile=\"160\" data-height-tab=\"160\" data-height-tab-portrait=\"\" data-height-mobile-landscape=\"\" style=\"clear:both;display:block;\"><\/div>[\/vc_column_inner][vc_column_inner background_image=&#8220;6712&#8243; enable_bg_scale=&#8220;true&#8220; column_padding=&#8220;no-extra-padding&#8220; column_padding_position=&#8220;all&#8220; background_color_opacity=&#8220;1&#8243; background_color_hover=&#8220;#f39100&#8243; background_hover_color_opacity=&#8220;0.3&#8243; column_shadow=&#8220;none&#8220; column_border_radius=&#8220;none&#8220; column_link_target=&#8220;_self&#8220; width=&#8220;1\/2&#8243; tablet_width_inherit=&#8220;default&#8220; overlay_strength=&#8220;0.3&#8243; column_border_width=&#8220;none&#8220; column_border_style=&#8220;solid&#8220; bg_image_animation=&#8220;none&#8220; column_link=&#8220;https:\/\/www.camping-die.com\/le-camping\/snack\/&#8220;][divider line_type=&#8220;No Line&#8220; custom_height=&#8220;3&#8243;][nectar_btn size=&#8220;large&#8220; button_style=&#8220;regular&#8220; button_color_2=&#8220;Extra-Color-2&#8243; icon_family=&#8220;none&#8220; url=&#8220;https:\/\/www.camping-die.com\/le-camping\/snack\/&#8220; text=&#8220;BUVETTE&#8220;]<div class=\"ult-spacer spacer-6a01eddf25586\" data-id=\"6a01eddf25586\" data-height=\"160\" data-height-mobile=\"160\" data-height-tab=\"160\" data-height-tab-portrait=\"\" data-height-mobile-landscape=\"\" style=\"clear:both;display:block;\"><\/div>[\/vc_column_inner][\/vc_row_inner][\/vc_column][\/vc_row][vc_row type=&#8220;full_width_background&#8220; full_screen_row_position=&#8220;middle&#8220; column_margin=&#8220;default&#8220; bg_color=&#8220;#efffff&#8220; scene_position=&#8220;center&#8220; text_color=&#8220;dark&#8220; text_align=&#8220;left&#8220; overlay_strength=&#8220;0.3&#8243; shape_divider_position=&#8220;bottom&#8220; bg_image_animation=&#8220;none&#8220; shape_type=&#8220;&#8220;][vc_column column_padding=&#8220;no-extra-padding&#8220; column_padding_position=&#8220;all&#8220; background_color_opacity=&#8220;1&#8243; background_hover_color_opacity=&#8220;1&#8243; column_link_target=&#8220;_self&#8220; column_shadow=&#8220;none&#8220; column_border_radius=&#8220;none&#8220; width=&#8220;1\/1&#8243; tablet_width_inherit=&#8220;default&#8220; tablet_text_alignment=&#8220;default&#8220; phone_text_alignment=&#8220;default&#8220; overlay_strength=&#8220;0.3&#8243; column_border_width=&#8220;none&#8220; column_border_style=&#8220;solid&#8220; bg_image_animation=&#8220;none&#8220;][\/vc_column][\/vc_row]\n","protected":false},"excerpt":{"rendered":"PROMOTION -20% sur le s\u00e9jour entre le 31 Juillet et le 4 Ao\u00fbt sur une location de chalet confort PR\u00c4SENTATION BADEN PREISE BUVETTE","protected":false},"author":1,"featured_media":0,"parent":0,"menu_order":1,"comment_status":"closed","ping_status":"closed","template":"","meta":{"footnotes":""},"class_list":["post-7310","page","type-page","status-publish"],"yoast_head":"<!-- This site is optimized with the Yoast SEO plugin v15.0 - https:\/\/yoast.com\/wordpress\/plugins\/seo\/ -->\n<title>Campingplatz - Camping municipal de Justin \u00e0 Die<\/title>\n<meta name=\"robots\" content=\"index, follow, max-snippet:-1, max-image-preview:large, max-video-preview:-1\" \/>\n<link rel=\"canonical\" href=\"https:\/\/www.camping-die.com\/de\/campingplatz-2\/\" \/>\n<meta property=\"og:locale\" content=\"de_DE\" \/>\n<meta property=\"og:type\" content=\"article\" \/>\n<meta property=\"og:title\" content=\"Campingplatz - Camping municipal de Justin \u00e0 Die\" \/>\n<meta property=\"og:url\" content=\"https:\/\/www.camping-die.com\/de\/campingplatz-2\/\" \/>\n<meta property=\"og:site_name\" content=\"Camping municipal de Justin \u00e0 Die\" \/>\n<meta property=\"article:modified_time\" content=\"2026-01-23T13:59:49+00:00\" \/>\n<meta name=\"twitter:card\" content=\"summary_large_image\" \/>\n<script type=\"application\/ld+json\" class=\"yoast-schema-graph\">{\"@context\":\"https:\/\/schema.org\",\"@graph\":[{\"@type\":\"WebSite\",\"@id\":\"https:\/\/www.camping-die.com\/de\/#website\",\"url\":\"https:\/\/www.camping-die.com\/de\/\",\"name\":\"Camping municipal de Justin \\u00e0 Die\",\"description\":\"Camping Municipal de Die dans la Dr\\u00f4me\",\"potentialAction\":[{\"@type\":\"SearchAction\",\"target\":\"https:\/\/www.camping-die.com\/de\/?s={search_term_string}\",\"query-input\":\"required name=search_term_string\"}],\"inLanguage\":\"de\"},{\"@type\":\"WebPage\",\"@id\":\"https:\/\/www.camping-die.com\/de\/campingplatz-2\/#webpage\",\"url\":\"https:\/\/www.camping-die.com\/de\/campingplatz-2\/\",\"name\":\"Campingplatz - Camping municipal de Justin \\u00e0 Die\",\"isPartOf\":{\"@id\":\"https:\/\/www.camping-die.com\/de\/#website\"},\"datePublished\":\"2017-12-13T10:42:10+00:00\",\"dateModified\":\"2026-01-23T13:59:49+00:00\",\"inLanguage\":\"de\",\"potentialAction\":[{\"@type\":\"ReadAction\",\"target\":[\"https:\/\/www.camping-die.com\/de\/campingplatz-2\/\"]}]}]}<\/script>\n<!-- \/ Yoast SEO plugin. -->","_links":{"self":[{"href":"https:\/\/www.camping-die.com\/de\/wp-json\/wp\/v2\/pages\/7310","targetHints":{"allow":["GET"]}}],"collection":[{"href":"https:\/\/www.camping-die.com\/de\/wp-json\/wp\/v2\/pages"}],"about":[{"href":"https:\/\/www.camping-die.com\/de\/wp-json\/wp\/v2\/types\/page"}],"author":[{"embeddable":true,"href":"https:\/\/www.camping-die.com\/de\/wp-json\/wp\/v2\/users\/1"}],"replies":[{"embeddable":true,"href":"https:\/\/www.camping-die.com\/de\/wp-json\/wp\/v2\/comments?post=7310"}],"version-history":[{"count":6,"href":"https:\/\/www.camping-die.com\/de\/wp-json\/wp\/v2\/pages\/7310\/revisions"}],"predecessor-version":[{"id":9723,"href":"https:\/\/www.camping-die.com\/de\/wp-json\/wp\/v2\/pages\/7310\/revisions\/9723"}],"wp:attachment":[{"href":"https:\/\/www.camping-die.com\/de\/wp-json\/wp\/v2\/media?parent=7310"}],"curies":[{"name":"wp","href":"https:\/\/api.w.org\/{rel}","templated":true}]}}