{"id":7357,"date":"2017-12-13T13:27:59","date_gmt":"2017-12-13T12:27:59","guid":{"rendered":"http:\/\/travaux.korigan.fr\/_campingdie\/campingplatz\/baden\/campingplatz-am-flussufer\/"},"modified":"2026-01-23T14:58:08","modified_gmt":"2026-01-23T13:58:08","slug":"campingplatz-am-flussufer","status":"publish","type":"page","link":"https:\/\/www.camping-die.com\/de\/campingplatz-2\/baden\/campingplatz-am-flussufer\/","title":{"rendered":"Campingplatz am flussufer"},"content":{"rendered":"[vc_row type=&#8220;in_container&#8220; full_screen_row_position=&#8220;middle&#8220; column_margin=&#8220;default&#8220; scene_position=&#8220;center&#8220; text_color=&#8220;dark&#8220; text_align=&#8220;left&#8220; top_padding=&#8220;2%&#8220; bottom_padding=&#8220;2%&#8220; overlay_strength=&#8220;0.3&#8243; shape_divider_position=&#8220;bottom&#8220; bg_image_animation=&#8220;none&#8220; shape_type=&#8220;&#8220;][vc_column column_padding=&#8220;no-extra-padding&#8220; column_padding_position=&#8220;all&#8220; background_color_opacity=&#8220;1&#8243; background_hover_color_opacity=&#8220;1&#8243; column_link_target=&#8220;_self&#8220; column_shadow=&#8220;none&#8220; column_border_radius=&#8220;none&#8220; width=&#8220;1\/1&#8243; tablet_width_inherit=&#8220;default&#8220; tablet_text_alignment=&#8220;default&#8220; phone_text_alignment=&#8220;default&#8220; overlay_strength=&#8220;0.3&#8243; column_border_width=&#8220;none&#8220; column_border_style=&#8220;solid&#8220; bg_image_animation=&#8220;none&#8220;]<div id=\"ultimate-heading-81536a01dee8e64aa\" class=\"uvc-heading ult-adjust-bottom-margin ultimate-heading-81536a01dee8e64aa uvc-4144 \" data-hspacer=\"no_spacer\"  data-halign=\"center\" style=\"text-align:center\"><div class=\"uvc-heading-spacer no_spacer\" style=\"top\"><\/div><div class=\"uvc-main-heading ult-responsive\"  data-ultimate-target='.uvc-heading.ultimate-heading-81536a01dee8e64aa h1'  data-responsive-json-new='{\"font-size\":\"desktop:35px;\",\"line-height\":\"desktop:35px;\"}' ><h1 style=\"font-family:&#039;Quicksand&#039;;font-weight:700;color:#5aaeaf;\">Die Dr\u00f4me zwei Schritte<\/h1><\/div><\/div>[\/vc_column][\/vc_row][vc_row type=&#8220;full_width_background&#8220; full_screen_row_position=&#8220;middle&#8220; column_margin=&#8220;default&#8220; bg_image=&#8220;8828&#8243; bg_position=&#8220;center center&#8220; bg_repeat=&#8220;no-repeat&#8220; scene_position=&#8220;center&#8220; text_color=&#8220;light&#8220; text_align=&#8220;left&#8220; overlay_strength=&#8220;0.3&#8243; shape_divider_position=&#8220;bottom&#8220; bg_image_animation=&#8220;none&#8220; shape_type=&#8220;&#8220;][vc_column column_padding=&#8220;no-extra-padding&#8220; column_padding_position=&#8220;all&#8220; background_color_opacity=&#8220;1&#8243; background_hover_color_opacity=&#8220;1&#8243; column_link_target=&#8220;_self&#8220; column_shadow=&#8220;none&#8220; column_border_radius=&#8220;none&#8220; width=&#8220;1\/1&#8243; tablet_width_inherit=&#8220;default&#8220; tablet_text_alignment=&#8220;default&#8220; phone_text_alignment=&#8220;default&#8220; overlay_strength=&#8220;0.3&#8243; column_border_width=&#8220;none&#8220; column_border_style=&#8220;solid&#8220; bg_image_animation=&#8220;none&#8220;][vc_row_inner column_margin=&#8220;default&#8220; top_padding=&#8220;10%&#8220; bottom_padding=&#8220;10%&#8220; text_align=&#8220;left&#8220;][vc_column_inner column_padding=&#8220;padding-4-percent&#8220; column_padding_position=&#8220;all&#8220; background_color=&#8220;#5aaeaf&#8220; background_color_opacity=&#8220;1&#8243; background_hover_color_opacity=&#8220;1&#8243; column_shadow=&#8220;none&#8220; column_border_radius=&#8220;none&#8220; column_link_target=&#8220;_self&#8220; width=&#8220;1\/3&#8243; tablet_width_inherit=&#8220;default&#8220; overlay_strength=&#8220;0.3&#8243; column_border_width=&#8220;none&#8220; column_border_style=&#8220;solid&#8220; bg_image_animation=&#8220;none&#8220;]<div id=\"ultimate-heading-70936a01dee8e6568\" class=\"uvc-heading ult-adjust-bottom-margin ultimate-heading-70936a01dee8e6568 uvc-8108 \" data-hspacer=\"no_spacer\"  data-halign=\"left\" style=\"text-align:left\"><div class=\"uvc-heading-spacer no_spacer\" style=\"top\"><\/div><div class=\"uvc-main-heading ult-responsive\"  data-ultimate-target='.uvc-heading.ultimate-heading-70936a01dee8e6568 div'  data-responsive-json-new='{\"font-size\":\"desktop:35px;\",\"line-height\":\"desktop:35px;\"}' ><div style=\"font-family:&#039;Quicksand&#039;;font-weight:700;\">F\u00fc\u00dfe im Wasser<\/div><\/div><div class=\"uvc-sub-heading ult-responsive\"  data-ultimate-target='.uvc-heading.ultimate-heading-70936a01dee8e6568 .uvc-sub-heading '  data-responsive-json-new='{\"font-size\":\"desktop:35px;\",\"line-height\":\"desktop:35px;\"}'  style=\"font-family:&#039;Quicksand&#039;;font-weight:normal;color:#ffffff;\">&#8211;<\/div><\/div><div id=\"ultimate-heading-38136a01dee8e65f5\" class=\"uvc-heading ult-adjust-bottom-margin ultimate-heading-38136a01dee8e65f5 uvc-7298 \" data-hspacer=\"no_spacer\"  data-halign=\"left\" style=\"text-align:left\"><div class=\"uvc-heading-spacer no_spacer\" style=\"top\"><\/div><div class=\"uvc-main-heading ult-responsive\"  data-ultimate-target='.uvc-heading.ultimate-heading-38136a01dee8e65f5 h2'  data-responsive-json-new='{\"font-size\":\"desktop:16px;\",\"line-height\":\"desktop:18px;\"}' ><h2 style=\"font-family:&#039;Quicksand&#039;;font-weight:300;color:#ffffff;\">Im Fluss kann man baden, sich auf Bojen und Luftmatratzen treiben lassen oder Kanu und Kajak fahren. Die Kinder planschen gerne, sie finden hier einen phantastischen Spielplatz. Wir informieren Sie gerne \u00fcber die verschiedenen m\u00f6glichen Aktivit\u00e4ten.<\/h2><\/div><\/div>[\/vc_column_inner][\/vc_row_inner][\/vc_column][\/vc_row][vc_row type=&#8220;in_container&#8220; full_screen_row_position=&#8220;middle&#8220; column_margin=&#8220;default&#8220; scene_position=&#8220;center&#8220; text_color=&#8220;dark&#8220; text_align=&#8220;left&#8220; top_padding=&#8220;5%&#8220; bottom_padding=&#8220;2%&#8220; overlay_strength=&#8220;0.3&#8243; shape_divider_position=&#8220;bottom&#8220; bg_image_animation=&#8220;none&#8220; shape_type=&#8220;&#8220;][vc_column column_padding=&#8220;no-extra-padding&#8220; column_padding_position=&#8220;all&#8220; background_color_opacity=&#8220;1&#8243; background_hover_color_opacity=&#8220;1&#8243; column_link_target=&#8220;_self&#8220; column_shadow=&#8220;none&#8220; column_border_radius=&#8220;none&#8220; width=&#8220;1\/1&#8243; tablet_width_inherit=&#8220;default&#8220; tablet_text_alignment=&#8220;default&#8220; phone_text_alignment=&#8220;default&#8220; overlay_strength=&#8220;0.3&#8243; column_border_width=&#8220;none&#8220; column_border_style=&#8220;solid&#8220; bg_image_animation=&#8220;none&#8220;][vc_column_text]\n<p style=\"text-align: center;\">Die Dr\u00f4me ist ein wilder, nat\u00fcrlicher Fluss. Die Wasserqualit\u00e4t wird regelm\u00e4\u00dfig von der zust\u00e4ndigen Beh\u00f6rde kontrolliert, die Analysenergebnisse werden neben dem Pont-Rompu und am Empfang des Campingplatzes angezeigt.<\/p>\n[\/vc_column_text][\/vc_column][\/vc_row][vc_row type=&#8220;full_width_content&#8220; full_screen_row_position=&#8220;middle&#8220; column_margin=&#8220;default&#8220; scene_position=&#8220;center&#8220; text_color=&#8220;dark&#8220; text_align=&#8220;left&#8220; bottom_padding=&#8220;5%&#8220; overlay_strength=&#8220;0.3&#8243; shape_divider_position=&#8220;bottom&#8220; bg_image_animation=&#8220;none&#8220; shape_type=&#8220;&#8220;][vc_column column_padding=&#8220;no-extra-padding&#8220; column_padding_position=&#8220;all&#8220; background_color_opacity=&#8220;1&#8243; background_hover_color_opacity=&#8220;1&#8243; column_link_target=&#8220;_self&#8220; column_shadow=&#8220;none&#8220; column_border_radius=&#8220;none&#8220; width=&#8220;1\/1&#8243; tablet_width_inherit=&#8220;default&#8220; tablet_text_alignment=&#8220;default&#8220; phone_text_alignment=&#8220;default&#8220; overlay_strength=&#8220;0.3&#8243; column_border_width=&#8220;none&#8220; column_border_style=&#8220;solid&#8220; bg_image_animation=&#8220;none&#8220;]<div id=\"ultimate-heading-15216a01dee8e6665\" class=\"uvc-heading ult-adjust-bottom-margin ultimate-heading-15216a01dee8e6665 uvc-6998 \" data-hspacer=\"no_spacer\"  data-halign=\"center\" style=\"text-align:center\"><div class=\"uvc-heading-spacer no_spacer\" style=\"top\"><\/div><div class=\"uvc-main-heading ult-responsive\"  data-ultimate-target='.uvc-heading.ultimate-heading-15216a01dee8e6665 div'  data-responsive-json-new='{\"font-size\":\"desktop:35px;\",\"line-height\":\"desktop:35px;\"}' ><div style=\"font-family:&#039;Quicksand&#039;;font-weight:700;color:#7db927;\">BILDERGALERIE<\/div><\/div><\/div><div id=\"6a01dee8e67fb\" class=\"gg_gallery_wrap gg_true_gallery gg_masonry_gallery gid_6509 gg_hidden_ol gg_ol_bottom_mode gg_main_ol_show_on_h \" data-gg_ol=\"default\" data-col-num=\"5\" data-ggom_fx=\"\" data-ggom_timing=\"300\" rel=\"6509\" data-nores-txt=\"No images found\">      <div class=\"gg_loader\">  <div class=\"ggl_1\"><\/div>  <div class=\"ggl_2\"><\/div>  <div class=\"ggl_3\"><\/div>  <div class=\"ggl_4\"><\/div><\/div>  <div class=\"gg_container\"><div class=\"gg_img \" data-gg-url=\"https:\/\/www.camping-die.com\/wp-content\/galeries\/riviere-drome\/camping-die-18.jpg\" data-gg-title=\"\" data-gg-author=\"\" data-gg-descr=\"\" data-img-id=\"0\" rel=\"6509\">  <div class=\"gg_img_inner\"><div class=\"gg_main_img_wrap\"><div class=\"gg_img_wrap_inner\"><img decoding=\"async\" src=\"\" data-gg-lazy-src=\"\/\/www.camping-die.com\/wp-content\/uploads\/ewpt_cache\/390x0_100_1_c_FFFFFF_aebc23417cad4e2e1c6f59cc5ffcf50a.jpg\" alt=\"\" class=\"gg_photo gg_main_thumb\" \/><noscript><img decoding=\"async\" src=\"https:\/\/www.camping-die.com\/wp-content\/galeries\/riviere-drome\/camping-die-18.jpg\" alt=\"\" \/><\/noscript><\/div><\/div><div class=\"gg_overlays\"><\/div><\/div><\/div><div class=\"gg_img \" data-gg-url=\"https:\/\/www.camping-die.com\/wp-content\/galeries\/riviere-drome\/camping-die-1.jpg\" data-gg-title=\"\" data-gg-author=\"\" data-gg-descr=\"\" data-img-id=\"1\" rel=\"6509\">  <div class=\"gg_img_inner\"><div class=\"gg_main_img_wrap\"><div class=\"gg_img_wrap_inner\"><img decoding=\"async\" src=\"\" data-gg-lazy-src=\"\/\/www.camping-die.com\/wp-content\/uploads\/ewpt_cache\/390x0_100_1_c_FFFFFF_016fa42a1b4cc39e2ebee0f4f8b67121.jpg\" alt=\"\" class=\"gg_photo gg_main_thumb\" \/><noscript><img decoding=\"async\" src=\"https:\/\/www.camping-die.com\/wp-content\/galeries\/riviere-drome\/camping-die-1.jpg\" alt=\"\" \/><\/noscript><\/div><\/div><div class=\"gg_overlays\"><\/div><\/div><\/div><div class=\"gg_img \" data-gg-url=\"https:\/\/www.camping-die.com\/wp-content\/galeries\/riviere-drome\/camping-die-45.jpg\" data-gg-title=\"\" data-gg-author=\"\" data-gg-descr=\"\" data-img-id=\"2\" rel=\"6509\">  <div class=\"gg_img_inner\"><div class=\"gg_main_img_wrap\"><div class=\"gg_img_wrap_inner\"><img decoding=\"async\" src=\"\" data-gg-lazy-src=\"\/\/www.camping-die.com\/wp-content\/uploads\/ewpt_cache\/390x0_100_1_c_FFFFFF_15b870568d0629b346206aea2f43fcbe.jpg\" alt=\"\" class=\"gg_photo gg_main_thumb\" \/><noscript><img decoding=\"async\" src=\"https:\/\/www.camping-die.com\/wp-content\/galeries\/riviere-drome\/camping-die-45.jpg\" alt=\"\" \/><\/noscript><\/div><\/div><div class=\"gg_overlays\"><\/div><\/div><\/div><div class=\"gg_img \" data-gg-url=\"https:\/\/www.camping-die.com\/wp-content\/galeries\/riviere-drome\/camping-die-30.jpg\" data-gg-title=\"\" data-gg-author=\"\" data-gg-descr=\"\" data-img-id=\"3\" rel=\"6509\">  <div class=\"gg_img_inner\"><div class=\"gg_main_img_wrap\"><div class=\"gg_img_wrap_inner\"><img decoding=\"async\" src=\"\" data-gg-lazy-src=\"\/\/www.camping-die.com\/wp-content\/uploads\/ewpt_cache\/390x0_100_1_c_FFFFFF_cba4896f7a95ef063c55953a3505610f.jpg\" alt=\"\" class=\"gg_photo gg_main_thumb\" \/><noscript><img decoding=\"async\" src=\"https:\/\/www.camping-die.com\/wp-content\/galeries\/riviere-drome\/camping-die-30.jpg\" alt=\"\" \/><\/noscript><\/div><\/div><div class=\"gg_overlays\"><\/div><\/div><\/div><div class=\"gg_img \" data-gg-url=\"https:\/\/www.camping-die.com\/wp-content\/galeries\/riviere-drome\/camping-die-21.jpg\" data-gg-title=\"\" data-gg-author=\"\" data-gg-descr=\"\" data-img-id=\"4\" rel=\"6509\">  <div class=\"gg_img_inner\"><div class=\"gg_main_img_wrap\"><div class=\"gg_img_wrap_inner\"><img decoding=\"async\" src=\"\" data-gg-lazy-src=\"\/\/www.camping-die.com\/wp-content\/uploads\/ewpt_cache\/390x0_100_1_c_FFFFFF_c285afe4f6bc1003c275c2e338cba294.jpg\" alt=\"\" class=\"gg_photo gg_main_thumb\" \/><noscript><img decoding=\"async\" src=\"https:\/\/www.camping-die.com\/wp-content\/galeries\/riviere-drome\/camping-die-21.jpg\" alt=\"\" \/><\/noscript><\/div><\/div><div class=\"gg_overlays\"><\/div><\/div><\/div><div class=\"gg_img \" data-gg-url=\"https:\/\/www.camping-die.com\/wp-content\/galeries\/riviere-drome\/camping-die-15.jpg\" data-gg-title=\"\" data-gg-author=\"\" data-gg-descr=\"\" data-img-id=\"5\" rel=\"6509\">  <div class=\"gg_img_inner\"><div class=\"gg_main_img_wrap\"><div class=\"gg_img_wrap_inner\"><img decoding=\"async\" src=\"\" data-gg-lazy-src=\"\/\/www.camping-die.com\/wp-content\/uploads\/ewpt_cache\/390x0_100_1_c_FFFFFF_598de708c2c75eb29af50ec51ec8d254.jpg\" alt=\"\" class=\"gg_photo gg_main_thumb\" \/><noscript><img decoding=\"async\" src=\"https:\/\/www.camping-die.com\/wp-content\/galeries\/riviere-drome\/camping-die-15.jpg\" alt=\"\" \/><\/noscript><\/div><\/div><div class=\"gg_overlays\"><\/div><\/div><\/div><div class=\"gg_img \" data-gg-url=\"https:\/\/www.camping-die.com\/wp-content\/galeries\/riviere-drome\/camping-die-16.jpg\" data-gg-title=\"\" data-gg-author=\"\" data-gg-descr=\"\" data-img-id=\"6\" rel=\"6509\">  <div class=\"gg_img_inner\"><div class=\"gg_main_img_wrap\"><div class=\"gg_img_wrap_inner\"><img decoding=\"async\" src=\"\" data-gg-lazy-src=\"\/\/www.camping-die.com\/wp-content\/uploads\/ewpt_cache\/390x0_100_1_c_FFFFFF_c87c18ba88a334bc98ff42736aacec30.jpg\" alt=\"\" class=\"gg_photo gg_main_thumb\" \/><noscript><img decoding=\"async\" src=\"https:\/\/www.camping-die.com\/wp-content\/galeries\/riviere-drome\/camping-die-16.jpg\" alt=\"\" \/><\/noscript><\/div><\/div><div class=\"gg_overlays\"><\/div><\/div><\/div><div class=\"gg_img \" data-gg-url=\"https:\/\/www.camping-die.com\/wp-content\/galeries\/riviere-drome\/camping-die-14.jpg\" data-gg-title=\"\" data-gg-author=\"\" data-gg-descr=\"\" data-img-id=\"7\" rel=\"6509\">  <div class=\"gg_img_inner\"><div class=\"gg_main_img_wrap\"><div class=\"gg_img_wrap_inner\"><img decoding=\"async\" src=\"\" data-gg-lazy-src=\"\/\/www.camping-die.com\/wp-content\/uploads\/ewpt_cache\/390x0_100_1_c_FFFFFF_a3cadff4c71b81008312d4402e5057e7.jpg\" alt=\"\" class=\"gg_photo gg_main_thumb\" \/><noscript><img decoding=\"async\" src=\"https:\/\/www.camping-die.com\/wp-content\/galeries\/riviere-drome\/camping-die-14.jpg\" alt=\"\" \/><\/noscript><\/div><\/div><div class=\"gg_overlays\"><\/div><\/div><\/div><div class=\"gg_img \" data-gg-url=\"https:\/\/www.camping-die.com\/wp-content\/galeries\/riviere-drome\/camping-die-17.jpg\" data-gg-title=\"\" data-gg-author=\"\" data-gg-descr=\"\" data-img-id=\"8\" rel=\"6509\">  <div class=\"gg_img_inner\"><div class=\"gg_main_img_wrap\"><div class=\"gg_img_wrap_inner\"><img decoding=\"async\" src=\"\" data-gg-lazy-src=\"\/\/www.camping-die.com\/wp-content\/uploads\/ewpt_cache\/390x0_100_1_c_FFFFFF_d87e5a939c8ba3659adfb4fa8e21dd7d.jpg\" alt=\"\" class=\"gg_photo gg_main_thumb\" \/><noscript><img decoding=\"async\" src=\"https:\/\/www.camping-die.com\/wp-content\/galeries\/riviere-drome\/camping-die-17.jpg\" alt=\"\" \/><\/noscript><\/div><\/div><div class=\"gg_overlays\"><\/div><\/div><\/div><div class=\"gg_img \" data-gg-url=\"https:\/\/www.camping-die.com\/wp-content\/galeries\/riviere-drome\/camping-die-43.jpg\" data-gg-title=\"\" data-gg-author=\"\" data-gg-descr=\"\" data-img-id=\"9\" rel=\"6509\">  <div class=\"gg_img_inner\"><div class=\"gg_main_img_wrap\"><div class=\"gg_img_wrap_inner\"><img decoding=\"async\" src=\"\" data-gg-lazy-src=\"\/\/www.camping-die.com\/wp-content\/uploads\/ewpt_cache\/390x0_100_1_c_FFFFFF_f731fdf33a1e1063f7cfd25b5c1bbbb7.jpg\" alt=\"\" class=\"gg_photo gg_main_thumb\" \/><noscript><img decoding=\"async\" src=\"https:\/\/www.camping-die.com\/wp-content\/galeries\/riviere-drome\/camping-die-43.jpg\" alt=\"\" \/><\/noscript><\/div><\/div><div class=\"gg_overlays\"><\/div><\/div><\/div><\/div><div style=\"clear: both;\"><\/div><\/div><script type=\"text\/javascript\"> jQuery(document).ready(function($) { if(typeof(gg_galleries_init) == \"function\") {gg_galleries_init(\"6a01dee8e67fb\"); }});<\/script>[\/vc_column][\/vc_row][vc_row type=&#8220;full_width_background&#8220; full_screen_row_position=&#8220;middle&#8220; column_margin=&#8220;default&#8220; bg_color=&#8220;#efffff&#8220; scene_position=&#8220;center&#8220; text_color=&#8220;dark&#8220; text_align=&#8220;left&#8220; overlay_strength=&#8220;0.3&#8243; shape_divider_position=&#8220;bottom&#8220; bg_image_animation=&#8220;none&#8220; shape_type=&#8220;&#8220;][vc_column column_padding=&#8220;no-extra-padding&#8220; column_padding_position=&#8220;all&#8220; background_color_opacity=&#8220;1&#8243; background_hover_color_opacity=&#8220;1&#8243; column_link_target=&#8220;_self&#8220; column_shadow=&#8220;none&#8220; column_border_radius=&#8220;none&#8220; width=&#8220;1\/1&#8243; tablet_width_inherit=&#8220;default&#8220; tablet_text_alignment=&#8220;default&#8220; phone_text_alignment=&#8220;default&#8220; overlay_strength=&#8220;0.3&#8243; column_border_width=&#8220;none&#8220; column_border_style=&#8220;solid&#8220; bg_image_animation=&#8220;none&#8220;][\/vc_column][\/vc_row]\n","protected":false},"excerpt":{"rendered":"Die Dr\u00f4me zwei Schritte F\u00fc\u00dfe im Wasser-Im Fluss kann man baden, sich auf Bojen und Luftmatratzen treiben lassen oder Kanu und Kajak fahren. Die Kinder planschen gerne, sie finden hier...","protected":false},"author":1,"featured_media":0,"parent":7347,"menu_order":1,"comment_status":"closed","ping_status":"closed","template":"","meta":{"footnotes":""},"class_list":["post-7357","page","type-page","status-publish"],"yoast_head":"<!-- This site is optimized with the Yoast SEO plugin v15.0 - https:\/\/yoast.com\/wordpress\/plugins\/seo\/ -->\n<title>Campingplatz am flussufer - Camping municipal de Justin \u00e0 Die<\/title>\n<meta name=\"robots\" content=\"index, follow, max-snippet:-1, max-image-preview:large, max-video-preview:-1\" \/>\n<link rel=\"canonical\" href=\"https:\/\/www.camping-die.com\/de\/campingplatz-2\/baden\/campingplatz-am-flussufer\/\" \/>\n<meta property=\"og:locale\" content=\"de_DE\" \/>\n<meta property=\"og:type\" content=\"article\" \/>\n<meta property=\"og:title\" content=\"Campingplatz am flussufer - Camping municipal de Justin \u00e0 Die\" \/>\n<meta property=\"og:url\" content=\"https:\/\/www.camping-die.com\/de\/campingplatz-2\/baden\/campingplatz-am-flussufer\/\" \/>\n<meta property=\"og:site_name\" content=\"Camping municipal de Justin \u00e0 Die\" \/>\n<meta property=\"article:modified_time\" content=\"2026-01-23T13:58:08+00:00\" \/>\n<meta name=\"twitter:card\" content=\"summary_large_image\" \/>\n<script type=\"application\/ld+json\" class=\"yoast-schema-graph\">{\"@context\":\"https:\/\/schema.org\",\"@graph\":[{\"@type\":\"WebSite\",\"@id\":\"https:\/\/www.camping-die.com\/de\/#website\",\"url\":\"https:\/\/www.camping-die.com\/de\/\",\"name\":\"Camping municipal de Justin \\u00e0 Die\",\"description\":\"Camping Municipal de Die dans la Dr\\u00f4me\",\"potentialAction\":[{\"@type\":\"SearchAction\",\"target\":\"https:\/\/www.camping-die.com\/de\/?s={search_term_string}\",\"query-input\":\"required name=search_term_string\"}],\"inLanguage\":\"de\"},{\"@type\":\"WebPage\",\"@id\":\"https:\/\/www.camping-die.com\/de\/campingplatz-2\/baden\/campingplatz-am-flussufer\/#webpage\",\"url\":\"https:\/\/www.camping-die.com\/de\/campingplatz-2\/baden\/campingplatz-am-flussufer\/\",\"name\":\"Campingplatz am flussufer - Camping municipal de Justin \\u00e0 Die\",\"isPartOf\":{\"@id\":\"https:\/\/www.camping-die.com\/de\/#website\"},\"datePublished\":\"2017-12-13T12:27:59+00:00\",\"dateModified\":\"2026-01-23T13:58:08+00:00\",\"inLanguage\":\"de\",\"potentialAction\":[{\"@type\":\"ReadAction\",\"target\":[\"https:\/\/www.camping-die.com\/de\/campingplatz-2\/baden\/campingplatz-am-flussufer\/\"]}]}]}<\/script>\n<!-- \/ Yoast SEO plugin. -->","_links":{"self":[{"href":"https:\/\/www.camping-die.com\/de\/wp-json\/wp\/v2\/pages\/7357","targetHints":{"allow":["GET"]}}],"collection":[{"href":"https:\/\/www.camping-die.com\/de\/wp-json\/wp\/v2\/pages"}],"about":[{"href":"https:\/\/www.camping-die.com\/de\/wp-json\/wp\/v2\/types\/page"}],"author":[{"embeddable":true,"href":"https:\/\/www.camping-die.com\/de\/wp-json\/wp\/v2\/users\/1"}],"replies":[{"embeddable":true,"href":"https:\/\/www.camping-die.com\/de\/wp-json\/wp\/v2\/comments?post=7357"}],"version-history":[{"count":5,"href":"https:\/\/www.camping-die.com\/de\/wp-json\/wp\/v2\/pages\/7357\/revisions"}],"predecessor-version":[{"id":8894,"href":"https:\/\/www.camping-die.com\/de\/wp-json\/wp\/v2\/pages\/7357\/revisions\/8894"}],"up":[{"embeddable":true,"href":"https:\/\/www.camping-die.com\/de\/wp-json\/wp\/v2\/pages\/7347"}],"wp:attachment":[{"href":"https:\/\/www.camping-die.com\/de\/wp-json\/wp\/v2\/media?parent=7357"}],"curies":[{"name":"wp","href":"https:\/\/api.w.org\/{rel}","templated":true}]}}