{"id":7371,"date":"2017-12-13T13:39:50","date_gmt":"2017-12-13T12:39:50","guid":{"rendered":"http:\/\/travaux.korigan.fr\/_campingdie\/campingplatz\/baden\/pool\/"},"modified":"2026-01-23T15:09:31","modified_gmt":"2026-01-23T14:09:31","slug":"pool","status":"publish","type":"page","link":"https:\/\/www.camping-die.com\/de\/campingplatz-2\/baden\/pool\/","title":{"rendered":"Pool"},"content":{"rendered":"[vc_row type=&#8220;in_container&#8220; full_screen_row_position=&#8220;middle&#8220; column_margin=&#8220;default&#8220; scene_position=&#8220;center&#8220; text_color=&#8220;dark&#8220; text_align=&#8220;left&#8220; top_padding=&#8220;2%&#8220; bottom_padding=&#8220;2%&#8220; overlay_strength=&#8220;0.3&#8243; shape_divider_position=&#8220;bottom&#8220; bg_image_animation=&#8220;none&#8220; shape_type=&#8220;&#8220;][vc_column column_padding=&#8220;no-extra-padding&#8220; column_padding_position=&#8220;all&#8220; background_color_opacity=&#8220;1&#8243; background_hover_color_opacity=&#8220;1&#8243; column_link_target=&#8220;_self&#8220; column_shadow=&#8220;none&#8220; column_border_radius=&#8220;none&#8220; width=&#8220;1\/1&#8243; tablet_width_inherit=&#8220;default&#8220; tablet_text_alignment=&#8220;default&#8220; phone_text_alignment=&#8220;default&#8220; overlay_strength=&#8220;0.3&#8243; column_border_width=&#8220;none&#8220; column_border_style=&#8220;solid&#8220; bg_image_animation=&#8220;none&#8220;]<div id=\"ultimate-heading-10066a01ee252c05f\" class=\"uvc-heading ult-adjust-bottom-margin ultimate-heading-10066a01ee252c05f uvc-1380 \" data-hspacer=\"no_spacer\"  data-halign=\"center\" style=\"text-align:center\"><div class=\"uvc-heading-spacer no_spacer\" style=\"top\"><\/div><div class=\"uvc-main-heading ult-responsive\"  data-ultimate-target='.uvc-heading.ultimate-heading-10066a01ee252c05f h1'  data-responsive-json-new='{\"font-size\":\"desktop:40px;\",\"line-height\":\"desktop:40px;\"}' ><h1 style=\"font-family:&#039;Quicksand&#039;;font-weight:700;color:#5aaeaf;\">Das Schwimmbad des Campingplatzes<\/h1><\/div><\/div>[\/vc_column][\/vc_row][vc_row type=&#8220;full_width_background&#8220; full_screen_row_position=&#8220;middle&#8220; column_margin=&#8220;default&#8220; bg_image=&#8220;8675&#8243; bg_position=&#8220;center center&#8220; bg_repeat=&#8220;no-repeat&#8220; scene_position=&#8220;center&#8220; text_color=&#8220;light&#8220; text_align=&#8220;left&#8220; overlay_strength=&#8220;0.3&#8243; shape_divider_position=&#8220;bottom&#8220; bg_image_animation=&#8220;none&#8220; shape_type=&#8220;&#8220;][vc_column column_padding=&#8220;no-extra-padding&#8220; column_padding_position=&#8220;all&#8220; background_color_opacity=&#8220;1&#8243; background_hover_color_opacity=&#8220;1&#8243; column_link_target=&#8220;_self&#8220; column_shadow=&#8220;none&#8220; column_border_radius=&#8220;none&#8220; width=&#8220;1\/1&#8243; tablet_width_inherit=&#8220;default&#8220; tablet_text_alignment=&#8220;default&#8220; phone_text_alignment=&#8220;default&#8220; overlay_strength=&#8220;0.3&#8243; column_border_width=&#8220;none&#8220; column_border_style=&#8220;solid&#8220; bg_image_animation=&#8220;none&#8220;][vc_row_inner column_margin=&#8220;default&#8220; top_padding=&#8220;10%&#8220; bottom_padding=&#8220;10%&#8220; text_align=&#8220;left&#8220;][vc_column_inner column_padding=&#8220;padding-4-percent&#8220; column_padding_position=&#8220;all&#8220; background_color=&#8220;#5aaeaf&#8220; background_color_opacity=&#8220;1&#8243; background_hover_color_opacity=&#8220;1&#8243; column_shadow=&#8220;none&#8220; column_border_radius=&#8220;none&#8220; column_link_target=&#8220;_self&#8220; width=&#8220;1\/3&#8243; tablet_width_inherit=&#8220;default&#8220; overlay_strength=&#8220;0.3&#8243; column_border_width=&#8220;none&#8220; column_border_style=&#8220;solid&#8220; bg_image_animation=&#8220;none&#8220;]<div id=\"ultimate-heading-11326a01ee252c132\" class=\"uvc-heading ult-adjust-bottom-margin ultimate-heading-11326a01ee252c132 uvc-1283 \" data-hspacer=\"no_spacer\"  data-halign=\"left\" style=\"text-align:left\"><div class=\"uvc-heading-spacer no_spacer\" style=\"top\"><\/div><div class=\"uvc-main-heading ult-responsive\"  data-ultimate-target='.uvc-heading.ultimate-heading-11326a01ee252c132 div'  data-responsive-json-new='{\"font-size\":\"desktop:35px;\",\"line-height\":\"desktop:35px;\"}' ><div style=\"font-family:&#039;Quicksand&#039;;font-weight:700;color:#ffffff;\">F\u00fcr Jung und Alt<\/div><\/div><div class=\"uvc-sub-heading ult-responsive\"  data-ultimate-target='.uvc-heading.ultimate-heading-11326a01ee252c132 .uvc-sub-heading '  data-responsive-json-new='{\"font-size\":\"desktop:35px;\",\"line-height\":\"desktop:35px;\"}'  style=\"font-family:&#039;Quicksand&#039;;font-weight:700;color:#ffffff;\">&#8211;<\/div><\/div><div id=\"ultimate-heading-66856a01ee252c205\" class=\"uvc-heading ult-adjust-bottom-margin ultimate-heading-66856a01ee252c205 uvc-5117 \" data-hspacer=\"no_spacer\"  data-halign=\"left\" style=\"text-align:left\"><div class=\"uvc-heading-spacer no_spacer\" style=\"top\"><\/div><div class=\"uvc-main-heading ult-responsive\"  data-ultimate-target='.uvc-heading.ultimate-heading-66856a01ee252c205 h2'  data-responsive-json-new='{\"font-size\":\"desktop:16px;\",\"line-height\":\"desktop:18px;\"}' ><h2 style=\"font-family:&#039;Quicksand&#039;;font-weight:300;color:#ffffff;\">Der Pool ist von Mai bis September ge\u00f6ffnet. Er besteht aus 2 Schwimmbecken, einem Planschbecken, einer Wasserrutsche und einer schattigem, \u00fcberdachten Bereich. <\/h2><\/div><\/div>[\/vc_column_inner][\/vc_row_inner][\/vc_column][\/vc_row][vc_row type=&#8220;in_container&#8220; full_screen_row_position=&#8220;middle&#8220; column_margin=&#8220;default&#8220; scene_position=&#8220;center&#8220; text_color=&#8220;dark&#8220; text_align=&#8220;left&#8220; top_padding=&#8220;5%&#8220; bottom_padding=&#8220;2%&#8220; overlay_strength=&#8220;0.3&#8243; shape_divider_position=&#8220;bottom&#8220; bg_image_animation=&#8220;none&#8220; shape_type=&#8220;&#8220;][vc_column column_padding=&#8220;no-extra-padding&#8220; column_padding_position=&#8220;all&#8220; background_color_opacity=&#8220;1&#8243; background_hover_color_opacity=&#8220;1&#8243; column_link_target=&#8220;_self&#8220; column_shadow=&#8220;none&#8220; column_border_radius=&#8220;none&#8220; width=&#8220;1\/1&#8243; tablet_width_inherit=&#8220;default&#8220; tablet_text_alignment=&#8220;default&#8220; phone_text_alignment=&#8220;default&#8220; overlay_strength=&#8220;0.3&#8243; column_border_width=&#8220;none&#8220; column_border_style=&#8220;solid&#8220; bg_image_animation=&#8220;none&#8220;][vc_column_text]\n<p style=\"text-align: center;\">Er wird von einem Bademeister \u00fcberwacht, der Schwimmunterricht und Aquagymnastik anbietet.<\/p>\n<p>Eintritt frei f\u00fcr alle campers, mehr Informationen in der Aufnahme des Zeltens ein. <a title=\"Mehr Informationen zur den \u00d6ffnungszeiten und -monaten\" href=\"http:\/\/www.mairie-die.fr\/sports-loisirs\/\" target=\"_blank\" rel=\"noopener noreferrer\">Mehr Informationen zur den \u00d6ffnungszeiten und -monaten.<\/a><br \/>\n[\/vc_column_text][\/vc_column][\/vc_row][vc_row type=&#8220;full_width_content&#8220; full_screen_row_position=&#8220;middle&#8220; column_margin=&#8220;default&#8220; scene_position=&#8220;center&#8220; text_color=&#8220;dark&#8220; text_align=&#8220;left&#8220; bottom_padding=&#8220;5%&#8220; overlay_strength=&#8220;0.3&#8243; shape_divider_position=&#8220;bottom&#8220; bg_image_animation=&#8220;none&#8220; shape_type=&#8220;&#8220;][vc_column column_padding=&#8220;no-extra-padding&#8220; column_padding_position=&#8220;all&#8220; background_color_opacity=&#8220;1&#8243; background_hover_color_opacity=&#8220;1&#8243; column_link_target=&#8220;_self&#8220; column_shadow=&#8220;none&#8220; column_border_radius=&#8220;none&#8220; width=&#8220;1\/1&#8243; tablet_width_inherit=&#8220;default&#8220; tablet_text_alignment=&#8220;default&#8220; phone_text_alignment=&#8220;default&#8220; overlay_strength=&#8220;0.3&#8243; column_border_width=&#8220;none&#8220; column_border_style=&#8220;solid&#8220; bg_image_animation=&#8220;none&#8220;]<div id=\"ultimate-heading-25116a01ee252c290\" class=\"uvc-heading ult-adjust-bottom-margin ultimate-heading-25116a01ee252c290 uvc-3409 \" data-hspacer=\"no_spacer\"  data-halign=\"center\" style=\"text-align:center\"><div class=\"uvc-heading-spacer no_spacer\" style=\"top\"><\/div><div class=\"uvc-main-heading ult-responsive\"  data-ultimate-target='.uvc-heading.ultimate-heading-25116a01ee252c290 div'  data-responsive-json-new='{\"font-size\":\"desktop:35px;\",\"line-height\":\"desktop:35px;\"}' ><div style=\"font-family:&#039;Quicksand&#039;;font-weight:700;color:#7db927;\">BILDERGALERIE<\/div><\/div><\/div><div id=\"6a01ee252c405\" class=\"gg_gallery_wrap gg_true_gallery gg_masonry_gallery gid_7056 gg_hidden_ol gg_ol_bottom_mode gg_main_ol_show_on_h \" data-gg_ol=\"default\" data-col-num=\"5\" data-ggom_fx=\"\" data-ggom_timing=\"300\" rel=\"7056\" data-nores-txt=\"No images found\">      <div class=\"gg_loader\">  <div class=\"ggl_1\"><\/div>  <div class=\"ggl_2\"><\/div>  <div class=\"ggl_3\"><\/div>  <div class=\"ggl_4\"><\/div><\/div>  <div class=\"gg_container\"><div class=\"gg_img \" data-gg-url=\"https:\/\/www.camping-die.com\/wp-content\/galeries\/piscine\/imgp0002-2.jpg\" data-gg-title=\"\" data-gg-author=\"\" data-gg-descr=\"\" data-img-id=\"0\" rel=\"7056\">  <div class=\"gg_img_inner\"><div class=\"gg_main_img_wrap\"><div class=\"gg_img_wrap_inner\"><img decoding=\"async\" src=\"\" data-gg-lazy-src=\"\/\/www.camping-die.com\/wp-content\/uploads\/ewpt_cache\/390x0_100_1_c_FFFFFF_08d79acc6128ebbe13930cd4f04f10e7.jpg\" alt=\"\" class=\"gg_photo gg_main_thumb\" \/><noscript><img decoding=\"async\" src=\"https:\/\/www.camping-die.com\/wp-content\/galeries\/piscine\/imgp0002-2.jpg\" alt=\"\" \/><\/noscript><\/div><\/div><div class=\"gg_overlays\"><\/div><\/div><\/div><div class=\"gg_img \" data-gg-url=\"https:\/\/www.camping-die.com\/wp-content\/galeries\/piscine\/imgp0012.jpg\" data-gg-title=\"\" data-gg-author=\"\" data-gg-descr=\"\" data-img-id=\"1\" rel=\"7056\">  <div class=\"gg_img_inner\"><div class=\"gg_main_img_wrap\"><div class=\"gg_img_wrap_inner\"><img decoding=\"async\" src=\"\" data-gg-lazy-src=\"\/\/www.camping-die.com\/wp-content\/uploads\/ewpt_cache\/390x0_100_1_c_FFFFFF_b4486c59e5814394a8d41eb5e0afe596.jpg\" alt=\"\" class=\"gg_photo gg_main_thumb\" \/><noscript><img decoding=\"async\" src=\"https:\/\/www.camping-die.com\/wp-content\/galeries\/piscine\/imgp0012.jpg\" alt=\"\" \/><\/noscript><\/div><\/div><div class=\"gg_overlays\"><\/div><\/div><\/div><div class=\"gg_img \" data-gg-url=\"https:\/\/www.camping-die.com\/wp-content\/galeries\/piscine\/camping-avec-piscine-snack-die-drome-46.jpg\" data-gg-title=\"\" data-gg-author=\"\" data-gg-descr=\"\" data-img-id=\"2\" rel=\"7056\">  <div class=\"gg_img_inner\"><div class=\"gg_main_img_wrap\"><div class=\"gg_img_wrap_inner\"><img decoding=\"async\" src=\"\" data-gg-lazy-src=\"\/\/www.camping-die.com\/wp-content\/uploads\/ewpt_cache\/390x0_100_1_c_FFFFFF_2fb434935c73f756608ee3befb9dffa4.jpg\" alt=\"\" class=\"gg_photo gg_main_thumb\" \/><noscript><img decoding=\"async\" src=\"https:\/\/www.camping-die.com\/wp-content\/galeries\/piscine\/camping-avec-piscine-snack-die-drome-46.jpg\" alt=\"\" \/><\/noscript><\/div><\/div><div class=\"gg_overlays\"><\/div><\/div><\/div><div class=\"gg_img \" data-gg-url=\"https:\/\/www.camping-die.com\/wp-content\/galeries\/piscine\/camping-die-32.jpg\" data-gg-title=\"\" data-gg-author=\"\" data-gg-descr=\"\" data-img-id=\"3\" rel=\"7056\">  <div class=\"gg_img_inner\"><div class=\"gg_main_img_wrap\"><div class=\"gg_img_wrap_inner\"><img decoding=\"async\" src=\"\" data-gg-lazy-src=\"\/\/www.camping-die.com\/wp-content\/uploads\/ewpt_cache\/390x0_100_1_c_FFFFFF_44b24087b9d1a54b4c0a149f4f5dfca9.jpg\" alt=\"\" class=\"gg_photo gg_main_thumb\" \/><noscript><img decoding=\"async\" src=\"https:\/\/www.camping-die.com\/wp-content\/galeries\/piscine\/camping-die-32.jpg\" alt=\"\" \/><\/noscript><\/div><\/div><div class=\"gg_overlays\"><\/div><\/div><\/div><div class=\"gg_img \" data-gg-url=\"https:\/\/www.camping-die.com\/wp-content\/galeries\/piscine\/imgp0015-2.jpg\" data-gg-title=\"\" data-gg-author=\"\" data-gg-descr=\"\" data-img-id=\"4\" rel=\"7056\">  <div class=\"gg_img_inner\"><div class=\"gg_main_img_wrap\"><div class=\"gg_img_wrap_inner\"><img decoding=\"async\" src=\"\" data-gg-lazy-src=\"\/\/www.camping-die.com\/wp-content\/uploads\/ewpt_cache\/390x0_100_1_c_FFFFFF_441f27ec4e3b6141ae2a506da550bcfe.jpg\" alt=\"\" class=\"gg_photo gg_main_thumb\" \/><noscript><img decoding=\"async\" src=\"https:\/\/www.camping-die.com\/wp-content\/galeries\/piscine\/imgp0015-2.jpg\" alt=\"\" \/><\/noscript><\/div><\/div><div class=\"gg_overlays\"><\/div><\/div><\/div><div class=\"gg_img \" data-gg-url=\"https:\/\/www.camping-die.com\/wp-content\/galeries\/piscine\/emplacement-tente-camping-die-drome-24.jpg\" data-gg-title=\"\" data-gg-author=\"\" data-gg-descr=\"\" data-img-id=\"5\" rel=\"7056\">  <div class=\"gg_img_inner\"><div class=\"gg_main_img_wrap\"><div class=\"gg_img_wrap_inner\"><img decoding=\"async\" src=\"\" data-gg-lazy-src=\"\/\/www.camping-die.com\/wp-content\/uploads\/ewpt_cache\/390x0_100_1_c_FFFFFF_fb8cdeb34fe793de758334ec83d5fa67.jpg\" alt=\"\" class=\"gg_photo gg_main_thumb\" \/><noscript><img decoding=\"async\" src=\"https:\/\/www.camping-die.com\/wp-content\/galeries\/piscine\/emplacement-tente-camping-die-drome-24.jpg\" alt=\"\" \/><\/noscript><\/div><\/div><div class=\"gg_overlays\"><\/div><\/div><\/div><div class=\"gg_img \" data-gg-url=\"https:\/\/www.camping-die.com\/wp-content\/galeries\/piscine\/pano5.jpg\" data-gg-title=\"\" data-gg-author=\"\" data-gg-descr=\"\" data-img-id=\"6\" rel=\"7056\">  <div class=\"gg_img_inner\"><div class=\"gg_main_img_wrap\"><div class=\"gg_img_wrap_inner\"><img decoding=\"async\" src=\"\" data-gg-lazy-src=\"\/\/www.camping-die.com\/wp-content\/uploads\/ewpt_cache\/390x0_100_1_c_FFFFFF_ef4f1249f69ea4c8df63290211e7ae72.jpg\" alt=\"\" class=\"gg_photo gg_main_thumb\" \/><noscript><img decoding=\"async\" src=\"https:\/\/www.camping-die.com\/wp-content\/galeries\/piscine\/pano5.jpg\" alt=\"\" \/><\/noscript><\/div><\/div><div class=\"gg_overlays\"><\/div><\/div><\/div><div class=\"gg_img \" data-gg-url=\"https:\/\/www.camping-die.com\/wp-content\/galeries\/piscine\/camping-avec-piscine-montagne-die-drome-36.jpg\" data-gg-title=\"\" data-gg-author=\"\" data-gg-descr=\"\" data-img-id=\"7\" rel=\"7056\">  <div class=\"gg_img_inner\"><div class=\"gg_main_img_wrap\"><div class=\"gg_img_wrap_inner\"><img decoding=\"async\" src=\"\" data-gg-lazy-src=\"\/\/www.camping-die.com\/wp-content\/uploads\/ewpt_cache\/390x0_100_1_c_FFFFFF_25431c9ab6d5f2d3f5fa3e9c403ed8cc.jpg\" alt=\"\" class=\"gg_photo gg_main_thumb\" \/><noscript><img decoding=\"async\" src=\"https:\/\/www.camping-die.com\/wp-content\/galeries\/piscine\/camping-avec-piscine-montagne-die-drome-36.jpg\" alt=\"\" \/><\/noscript><\/div><\/div><div class=\"gg_overlays\"><\/div><\/div><\/div><div class=\"gg_img \" data-gg-url=\"https:\/\/www.camping-die.com\/wp-content\/galeries\/piscine\/camping-die-35.jpg\" data-gg-title=\"\" data-gg-author=\"\" data-gg-descr=\"\" data-img-id=\"8\" rel=\"7056\">  <div class=\"gg_img_inner\"><div class=\"gg_main_img_wrap\"><div class=\"gg_img_wrap_inner\"><img decoding=\"async\" src=\"\" data-gg-lazy-src=\"\/\/www.camping-die.com\/wp-content\/uploads\/ewpt_cache\/390x0_100_1_c_FFFFFF_4557efce91b322e91a0a7af8f720fbcd.jpg\" alt=\"\" class=\"gg_photo gg_main_thumb\" \/><noscript><img decoding=\"async\" src=\"https:\/\/www.camping-die.com\/wp-content\/galeries\/piscine\/camping-die-35.jpg\" alt=\"\" \/><\/noscript><\/div><\/div><div class=\"gg_overlays\"><\/div><\/div><\/div><div class=\"gg_img \" data-gg-url=\"https:\/\/www.camping-die.com\/wp-content\/galeries\/piscine\/camping-die-46.jpg\" data-gg-title=\"\" data-gg-author=\"\" data-gg-descr=\"\" data-img-id=\"9\" rel=\"7056\">  <div class=\"gg_img_inner\"><div class=\"gg_main_img_wrap\"><div class=\"gg_img_wrap_inner\"><img decoding=\"async\" src=\"\" data-gg-lazy-src=\"\/\/www.camping-die.com\/wp-content\/uploads\/ewpt_cache\/390x0_100_1_c_FFFFFF_7aaa98be35b743b680c2a5123d6666b4.jpg\" alt=\"\" class=\"gg_photo gg_main_thumb\" \/><noscript><img decoding=\"async\" src=\"https:\/\/www.camping-die.com\/wp-content\/galeries\/piscine\/camping-die-46.jpg\" alt=\"\" \/><\/noscript><\/div><\/div><div class=\"gg_overlays\"><\/div><\/div><\/div><\/div><div style=\"clear: both;\"><\/div><\/div><script type=\"text\/javascript\"> jQuery(document).ready(function($) { if(typeof(gg_galleries_init) == \"function\") {gg_galleries_init(\"6a01ee252c405\"); }});<\/script>[\/vc_column][\/vc_row][vc_row type=&#8220;full_width_background&#8220; full_screen_row_position=&#8220;middle&#8220; column_margin=&#8220;default&#8220; bg_color=&#8220;#efffff&#8220; scene_position=&#8220;center&#8220; text_color=&#8220;dark&#8220; text_align=&#8220;left&#8220; overlay_strength=&#8220;0.3&#8243; shape_divider_position=&#8220;bottom&#8220; bg_image_animation=&#8220;none&#8220; shape_type=&#8220;&#8220;][vc_column column_padding=&#8220;no-extra-padding&#8220; column_padding_position=&#8220;all&#8220; background_color_opacity=&#8220;1&#8243; background_hover_color_opacity=&#8220;1&#8243; column_link_target=&#8220;_self&#8220; column_shadow=&#8220;none&#8220; column_border_radius=&#8220;none&#8220; width=&#8220;1\/1&#8243; tablet_width_inherit=&#8220;default&#8220; tablet_text_alignment=&#8220;default&#8220; phone_text_alignment=&#8220;default&#8220; overlay_strength=&#8220;0.3&#8243; column_border_width=&#8220;none&#8220; column_border_style=&#8220;solid&#8220; bg_image_animation=&#8220;none&#8220;][\/vc_column][\/vc_row]\n","protected":false},"excerpt":{"rendered":"Das Schwimmbad des Campingplatzes F\u00fcr Jung und Alt-Der Pool ist von Mai bis September ge\u00f6ffnet. Er besteht aus 2 Schwimmbecken, einem Planschbecken, einer Wasserrutsche und einer schattigem, \u00fcberdachten Bereich. Er...","protected":false},"author":1,"featured_media":0,"parent":7347,"menu_order":2,"comment_status":"closed","ping_status":"closed","template":"","meta":{"footnotes":""},"class_list":["post-7371","page","type-page","status-publish"],"yoast_head":"<!-- This site is optimized with the Yoast SEO plugin v15.0 - https:\/\/yoast.com\/wordpress\/plugins\/seo\/ -->\n<title>Pool - Camping municipal de Justin \u00e0 Die<\/title>\n<meta name=\"robots\" content=\"index, follow, max-snippet:-1, max-image-preview:large, max-video-preview:-1\" \/>\n<link rel=\"canonical\" href=\"https:\/\/www.camping-die.com\/de\/campingplatz-2\/baden\/pool\/\" \/>\n<meta property=\"og:locale\" content=\"de_DE\" \/>\n<meta property=\"og:type\" content=\"article\" \/>\n<meta property=\"og:title\" content=\"Pool - Camping municipal de Justin \u00e0 Die\" \/>\n<meta property=\"og:url\" content=\"https:\/\/www.camping-die.com\/de\/campingplatz-2\/baden\/pool\/\" \/>\n<meta property=\"og:site_name\" content=\"Camping municipal de Justin \u00e0 Die\" \/>\n<meta property=\"article:modified_time\" content=\"2026-01-23T14:09:31+00:00\" \/>\n<meta name=\"twitter:card\" content=\"summary_large_image\" \/>\n<script type=\"application\/ld+json\" class=\"yoast-schema-graph\">{\"@context\":\"https:\/\/schema.org\",\"@graph\":[{\"@type\":\"WebSite\",\"@id\":\"https:\/\/www.camping-die.com\/de\/#website\",\"url\":\"https:\/\/www.camping-die.com\/de\/\",\"name\":\"Camping municipal de Justin \\u00e0 Die\",\"description\":\"Camping Municipal de Die dans la Dr\\u00f4me\",\"potentialAction\":[{\"@type\":\"SearchAction\",\"target\":\"https:\/\/www.camping-die.com\/de\/?s={search_term_string}\",\"query-input\":\"required name=search_term_string\"}],\"inLanguage\":\"de\"},{\"@type\":\"WebPage\",\"@id\":\"https:\/\/www.camping-die.com\/de\/campingplatz-2\/baden\/pool\/#webpage\",\"url\":\"https:\/\/www.camping-die.com\/de\/campingplatz-2\/baden\/pool\/\",\"name\":\"Pool - Camping municipal de Justin \\u00e0 Die\",\"isPartOf\":{\"@id\":\"https:\/\/www.camping-die.com\/de\/#website\"},\"datePublished\":\"2017-12-13T12:39:50+00:00\",\"dateModified\":\"2026-01-23T14:09:31+00:00\",\"inLanguage\":\"de\",\"potentialAction\":[{\"@type\":\"ReadAction\",\"target\":[\"https:\/\/www.camping-die.com\/de\/campingplatz-2\/baden\/pool\/\"]}]}]}<\/script>\n<!-- \/ Yoast SEO plugin. -->","_links":{"self":[{"href":"https:\/\/www.camping-die.com\/de\/wp-json\/wp\/v2\/pages\/7371","targetHints":{"allow":["GET"]}}],"collection":[{"href":"https:\/\/www.camping-die.com\/de\/wp-json\/wp\/v2\/pages"}],"about":[{"href":"https:\/\/www.camping-die.com\/de\/wp-json\/wp\/v2\/types\/page"}],"author":[{"embeddable":true,"href":"https:\/\/www.camping-die.com\/de\/wp-json\/wp\/v2\/users\/1"}],"replies":[{"embeddable":true,"href":"https:\/\/www.camping-die.com\/de\/wp-json\/wp\/v2\/comments?post=7371"}],"version-history":[{"count":5,"href":"https:\/\/www.camping-die.com\/de\/wp-json\/wp\/v2\/pages\/7371\/revisions"}],"predecessor-version":[{"id":8845,"href":"https:\/\/www.camping-die.com\/de\/wp-json\/wp\/v2\/pages\/7371\/revisions\/8845"}],"up":[{"embeddable":true,"href":"https:\/\/www.camping-die.com\/de\/wp-json\/wp\/v2\/pages\/7347"}],"wp:attachment":[{"href":"https:\/\/www.camping-die.com\/de\/wp-json\/wp\/v2\/media?parent=7371"}],"curies":[{"name":"wp","href":"https:\/\/api.w.org\/{rel}","templated":true}]}}