{"id":7618,"date":"2017-12-13T16:31:37","date_gmt":"2017-12-13T15:31:37","guid":{"rendered":"http:\/\/travaux.korigan.fr\/_campingdie\/unterkunfte\/vermietung-von-chalets\/chalet-glandasse\/"},"modified":"2026-01-23T15:03:57","modified_gmt":"2026-01-23T14:03:57","slug":"chalet-glandasse","status":"publish","type":"page","link":"https:\/\/www.camping-die.com\/de\/unterkunfte\/vermietung-von-chalets\/chalet-glandasse\/","title":{"rendered":"Chalet Glandasse"},"content":{"rendered":"[vc_row type=&#8220;in_container&#8220; full_screen_row_position=&#8220;middle&#8220; scene_position=&#8220;center&#8220; text_color=&#8220;dark&#8220; text_align=&#8220;left&#8220; overlay_strength=&#8220;0.3&#8243; shape_divider_position=&#8220;bottom&#8220;][vc_column column_padding=&#8220;no-extra-padding&#8220; column_padding_position=&#8220;all&#8220; background_color_opacity=&#8220;1&#8243; background_hover_color_opacity=&#8220;1&#8243; column_shadow=&#8220;none&#8220; column_border_radius=&#8220;none&#8220; width=&#8220;1\/1&#8243; tablet_text_alignment=&#8220;default&#8220; phone_text_alignment=&#8220;default&#8220; column_border_width=&#8220;none&#8220; column_border_style=&#8220;solid&#8220;][vc_row_inner column_margin=&#8220;default&#8220; text_align=&#8220;left&#8220;][vc_column_inner column_padding=&#8220;no-extra-padding&#8220; column_padding_position=&#8220;all&#8220; background_color_opacity=&#8220;1&#8243; background_hover_color_opacity=&#8220;1&#8243; column_shadow=&#8220;none&#8220; column_border_radius=&#8220;none&#8220; width=&#8220;1\/1&#8243; column_border_width=&#8220;none&#8220; column_border_style=&#8220;solid&#8220;]<div id=\"ultimate-heading-43769dc91c4314dc\" class=\"uvc-heading ult-adjust-bottom-margin ultimate-heading-43769dc91c4314dc uvc-8416 \" data-hspacer=\"no_spacer\"  data-halign=\"center\" style=\"text-align:center\"><div class=\"uvc-heading-spacer no_spacer\" style=\"top\"><\/div><div class=\"uvc-main-heading ult-responsive\"  data-ultimate-target='.uvc-heading.ultimate-heading-43769dc91c4314dc h1'  data-responsive-json-new='{\"font-size\":\"desktop:40px;\",\"line-height\":\"\"}' ><h1 style=\"font-family:&#039;Quicksand&#039;;font-weight:700;color:#5aaeaf;\">Chalet Glandasse<\/h1><\/div><\/div>[\/vc_column_inner][\/vc_row_inner][\/vc_column][\/vc_row][vc_row type=&#8220;in_container&#8220; full_screen_row_position=&#8220;middle&#8220; scene_position=&#8220;center&#8220; text_color=&#8220;dark&#8220; text_align=&#8220;left&#8220; overlay_strength=&#8220;0.3&#8243; shape_divider_position=&#8220;bottom&#8220; shape_type=&#8220;&#8220;][vc_column column_padding=&#8220;no-extra-padding&#8220; column_padding_position=&#8220;all&#8220; background_color_opacity=&#8220;1&#8243; background_hover_color_opacity=&#8220;1&#8243; column_shadow=&#8220;none&#8220; column_border_radius=&#8220;none&#8220; width=&#8220;1\/1&#8243; tablet_text_alignment=&#8220;default&#8220; phone_text_alignment=&#8220;default&#8220; column_border_width=&#8220;none&#8220; column_border_style=&#8220;solid&#8220;]<div id=\"ult-carousel-202035535469dc91c43161c\" class=\"ult-carousel-wrapper  centerdots ult_horizontal\" data-gutter=\"0\" data-rtl=\"false\" ><div class=\"ult-carousel-17865771869dc91c431543 \" >[image_with_animation image_url=&#8220;7965&#8243; alignment=&#8220;center&#8220; animation=&#8220;Fade In&#8220; border_radius=&#8220;none&#8220; box_shadow=&#8220;none&#8220; max_width=&#8220;100%&#8220;][image_with_animation image_url=&#8220;7937&#8243; alignment=&#8220;center&#8220; animation=&#8220;Fade In&#8220; border_radius=&#8220;none&#8220; box_shadow=&#8220;none&#8220; max_width=&#8220;100%&#8220;][image_with_animation image_url=&#8220;7973&#8243; alignment=&#8220;center&#8220; animation=&#8220;Fade In&#8220; border_radius=&#8220;none&#8220; box_shadow=&#8220;none&#8220; max_width=&#8220;100%&#8220;][image_with_animation image_url=&#8220;7969&#8243; alignment=&#8220;center&#8220; animation=&#8220;Fade In&#8220; border_radius=&#8220;none&#8220; box_shadow=&#8220;none&#8220; max_width=&#8220;100%&#8220;][image_with_animation image_url=&#8220;7941&#8243; alignment=&#8220;center&#8220; animation=&#8220;Fade In&#8220; border_radius=&#8220;none&#8220; box_shadow=&#8220;none&#8220; max_width=&#8220;100%&#8220;][image_with_animation image_url=&#8220;7945&#8243; alignment=&#8220;center&#8220; animation=&#8220;Fade In&#8220; border_radius=&#8220;none&#8220; box_shadow=&#8220;none&#8220; max_width=&#8220;100%&#8220;][image_with_animation image_url=&#8220;7949&#8243; alignment=&#8220;center&#8220; animation=&#8220;Fade In&#8220; border_radius=&#8220;none&#8220; box_shadow=&#8220;none&#8220; max_width=&#8220;100%&#8220;][image_with_animation image_url=&#8220;7957&#8243; alignment=&#8220;center&#8220; animation=&#8220;Fade In&#8220; border_radius=&#8220;none&#8220; box_shadow=&#8220;none&#8220; max_width=&#8220;100%&#8220;][image_with_animation image_url=&#8220;7961&#8243; alignment=&#8220;center&#8220; animation=&#8220;Fade In&#8220; border_radius=&#8220;none&#8220; box_shadow=&#8220;none&#8220; max_width=&#8220;100%&#8220;][image_with_animation image_url=&#8220;7953&#8243; alignment=&#8220;center&#8220; animation=&#8220;Fade In&#8220; border_radius=&#8220;none&#8220; box_shadow=&#8220;none&#8220; max_width=&#8220;100%&#8220;]<\/div><\/div>\t\t\t<script type=\"text\/javascript\">\r\n\t\t\t\tjQuery(document).ready(function ($) {\r\n\t\t\t\t\tif( typeof jQuery('.ult-carousel-17865771869dc91c431543').slick == \"function\"){\r\n\t\t\t\t\t\t$('.ult-carousel-17865771869dc91c431543').slick({dots: true,autoplay: true,autoplaySpeed: 5000,speed: 300,infinite: true,arrows: false,slidesToScroll:1,slidesToShow:1,swipe: true,draggable: true,touchMove: true,pauseOnHover: true,pauseOnFocus: false,adaptiveHeight: true,responsive: [\r\n\t\t\t\t\t\t\t{\r\n\t\t\t\t\t\t\t  breakpoint: 1026,\r\n\t\t\t\t\t\t\t  settings: {\r\n\t\t\t\t\t\t\t\tslidesToShow: 1,\r\n\t\t\t\t\t\t\t\tslidesToScroll: 1,  \r\n\t\t\t\t\t\t\t  }\r\n\t\t\t\t\t\t\t},\r\n\t\t\t\t\t\t\t{\r\n\t\t\t\t\t\t\t  breakpoint: 1025,\r\n\t\t\t\t\t\t\t  settings: {\r\n\t\t\t\t\t\t\t\tslidesToShow: 1,\r\n\t\t\t\t\t\t\t\tslidesToScroll: 1\r\n\t\t\t\t\t\t\t  }\r\n\t\t\t\t\t\t\t},\r\n\t\t\t\t\t\t\t{\r\n\t\t\t\t\t\t\t  breakpoint: 760,\r\n\t\t\t\t\t\t\t  settings: {\r\n\t\t\t\t\t\t\t\tslidesToShow: 1,\r\n\t\t\t\t\t\t\t\tslidesToScroll: 1\r\n\t\t\t\t\t\t\t  }\r\n\t\t\t\t\t\t\t}\r\n\t\t\t\t\t\t],pauseOnDotsHover: true,customPaging: function(slider, i) {\r\n                   return '<i type=\"button\" style= \"color:#5aaeaf;\" class=\"ultsl-record\" data-role=\"none\"><\/i>';\r\n                },});\r\n\t\t\t\t\t}\r\n\t\t\t\t});\r\n\t\t\t<\/script>\r\n\t\t\t[vc_row_inner equal_height=&#8220;yes&#8220; column_margin=&#8220;default&#8220; text_align=&#8220;left&#8220; css=&#8220;.vc_custom_1512484857342{background-color: #88ccc9 !important;}&#8220;][vc_column_inner column_padding=&#8220;padding-2-percent&#8220; column_padding_position=&#8220;all&#8220; background_color=&#8220;#5aaeaf&#8220; background_color_opacity=&#8220;1&#8243; background_hover_color_opacity=&#8220;1&#8243; font_color=&#8220;#ffffff&#8220; column_shadow=&#8220;none&#8220; column_border_radius=&#8220;none&#8220; width=&#8220;1\/3&#8243; column_border_width=&#8220;none&#8220; column_border_style=&#8220;solid&#8220;]<div id=\"ultimate-heading-439569dc91c431685\" class=\"uvc-heading ult-adjust-bottom-margin ultimate-heading-439569dc91c431685 uvc-388 \" data-hspacer=\"no_spacer\"  data-halign=\"left\" style=\"text-align:left\"><div class=\"uvc-heading-spacer no_spacer\" style=\"top\"><\/div><div class=\"uvc-main-heading ult-responsive\"  data-ultimate-target='.uvc-heading.ultimate-heading-439569dc91c431685 p'  data-responsive-json-new='{\"font-size\":\"desktop:18px;\",\"line-height\":\"\"}' ><p style=\"font-family:&#039;Quicksand&#039;;font-weight:700;\">Beschreibung<\/p><\/div><\/div>[vc_column_text]Le chalet est compos\u00e9 d\u2019une chambre avec un lit double, d\u2019une autre avec deux lits jumeaux, d\u2019une salle de bains ind\u00e9pendante et des WC s\u00e9par\u00e9s. La terrasse ext\u00e9rieure en bois promet de belles soir\u00e9es d\u2019\u00e9t\u00e9, r\u00e9unis autour de la table familiale.<br \/>\nPlace de stationnement proche permettant un acc\u00e8s direct.[\/vc_column_text][\/vc_column_inner][vc_column_inner column_padding=&#8220;padding-2-percent&#8220; column_padding_position=&#8220;all&#8220; background_color_opacity=&#8220;1&#8243; background_hover_color_opacity=&#8220;1&#8243; font_color=&#8220;#ffffff&#8220; column_shadow=&#8220;none&#8220; column_border_radius=&#8220;none&#8220; width=&#8220;1\/3&#8243; column_border_width=&#8220;none&#8220; column_border_style=&#8220;solid&#8220;]<div id=\"ultimate-heading-224569dc91c4316c3\" class=\"uvc-heading ult-adjust-bottom-margin ultimate-heading-224569dc91c4316c3 uvc-276 \" data-hspacer=\"no_spacer\"  data-halign=\"left\" style=\"text-align:left\"><div class=\"uvc-heading-spacer no_spacer\" style=\"top\"><\/div><div class=\"uvc-main-heading ult-responsive\"  data-ultimate-target='.uvc-heading.ultimate-heading-224569dc91c4316c3 p'  data-responsive-json-new='{\"font-size\":\"desktop:18px;\",\"line-height\":\"\"}' ><p style=\"font-family:&#039;Quicksand&#039;;font-weight:700;\">Spezifikationen<\/p><\/div><\/div>[vc_column_text]\u2022 2 Chambres : 1 chambre avec 1 lit double et 1 chambre avec 2 lits jumeaux (peuvent \u00eatre rapproch\u00e9s pour en former 1 seul)<br \/>\n\u2022 Salle de bains : douche, lavabo, porte serviettes.<br \/>\n\u2022 WC s\u00e9par\u00e9<br \/>\n\u2022 S\u00e9jour avec 1 banquette gigogne, 1 table + 6 chaises, Kitchenette avec \u00e9vier, 4 plaques vitroc\u00e9ramique, frigo, mini four, cafeti\u00e8re, micro ondes, bouilloire, grille pain + tous les ustensiles courants de cuisine.<br \/>\n\u2022 Terrasse : table + chaises, bains de soleil.<br \/>\n\u2022 Chauffage \u00e9lectrique dans toutes les pi\u00e8ces.[\/vc_column_text][\/vc_column_inner][vc_column_inner column_padding=&#8220;padding-2-percent&#8220; column_padding_position=&#8220;all&#8220; background_color_opacity=&#8220;1&#8243; background_hover_color_opacity=&#8220;1&#8243; font_color=&#8220;#ffffff&#8220; column_shadow=&#8220;none&#8220; column_border_radius=&#8220;none&#8220; width=&#8220;1\/3&#8243; column_border_width=&#8220;none&#8220; column_border_style=&#8220;solid&#8220;]<div id=\"ultimate-heading-355769dc91c4316f9\" class=\"uvc-heading ult-adjust-bottom-margin ultimate-heading-355769dc91c4316f9 uvc-7966 \" data-hspacer=\"no_spacer\"  data-halign=\"left\" style=\"text-align:left\"><div class=\"uvc-heading-spacer no_spacer\" style=\"top\"><\/div><div class=\"uvc-main-heading ult-responsive\"  data-ultimate-target='.uvc-heading.ultimate-heading-355769dc91c4316f9 p'  data-responsive-json-new='{\"font-size\":\"desktop:18px;\",\"line-height\":\"\"}' ><p style=\"font-family:&#039;Quicksand&#039;;font-weight:700;\">Praktische Informationen<\/p><\/div><\/div>[vc_column_text]<em>Sie m\u00fcssen Bettw\u00e4sche, Kissenbez\u00fcge, Handt\u00fccher, Geschirrt\u00fccher bringen.<\/em>[\/vc_column_text][divider line_type=&#8220;Full Width Line&#8220; line_thickness=&#8220;1&#8243; divider_color=&#8220;default&#8220; custom_height=&#8220;50&#8243;][vc_column_text el_class=&#8220;centerp&#8220;]<a href=\"https:\/\/www.camping-die.com\/doc\/Inventaire-chalet-Glandasse.pdf\" target=\"_blank\" rel=\"noopener noreferrer\"><img class=\"alignnone wp-image-6923 size-full\" src=\"https:\/\/www.camping-die.com\/wp-content\/uploads\/2017\/12\/icones_notice_chalet-1.png\" alt=\"\" width=\"35\" height=\"35\" \/><strong>T\u00e9l\u00e9charger l&#8217;inventaire du chalet<\/strong><\/a>[\/vc_column_text][\/vc_column_inner][\/vc_row_inner][vc_row_inner content_placement=&#8220;bottom&#8220; column_margin=&#8220;default&#8220; text_align=&#8220;left&#8220;][vc_column_inner enable_animation=&#8220;true&#8220; animation=&#8220;fade-in-from-bottom&#8220; column_padding=&#8220;no-extra-padding&#8220; column_padding_position=&#8220;all&#8220; background_color_opacity=&#8220;1&#8243; background_hover_color_opacity=&#8220;1&#8243; column_shadow=&#8220;none&#8220; column_border_radius=&#8220;none&#8220; width=&#8220;1\/6&#8243; column_border_width=&#8220;none&#8220; column_border_style=&#8220;solid&#8220; delay=&#8220;100&#8243;]<div id=\"ultimate-heading-610369dc91c431730\" class=\"uvc-heading ult-adjust-bottom-margin ultimate-heading-610369dc91c431730 uvc-7879 \" data-hspacer=\"no_spacer\"  data-halign=\"left\" style=\"text-align:left\"><div class=\"uvc-heading-spacer no_spacer\" style=\"top\"><\/div><div class=\"uvc-main-heading ult-responsive\"  data-ultimate-target='.uvc-heading.ultimate-heading-610369dc91c431730 div'  data-responsive-json-new='{\"font-size\":\"desktop:25px;\",\"line-height\":\"desktop:25px;\"}' ><div style=\"font-family:&#039;Quicksand&#039;;font-weight:700;color:#5aaeaf;\">In Zusammenfassung<\/div><\/div><\/div>[\/vc_column_inner][vc_column_inner column_padding=&#8220;no-extra-padding&#8220; column_padding_position=&#8220;all&#8220; background_color_opacity=&#8220;1&#8243; background_hover_color_opacity=&#8220;1&#8243; column_shadow=&#8220;none&#8220; column_border_radius=&#8220;none&#8220; width=&#8220;1\/6&#8243; column_border_width=&#8220;none&#8220; column_border_style=&#8220;solid&#8220;][image_with_animation image_url=&#8220;6833&#8243; alignment=&#8220;center&#8220; animation=&#8220;Fade In From Bottom&#8220; border_radius=&#8220;none&#8220; box_shadow=&#8220;none&#8220; max_width=&#8220;100%&#8220;][divider line_type=&#8220;No Line&#8220; custom_height=&#8220;10&#8243;][vc_column_text]\n<p style=\"text-align: center;\"><strong>4 \u00e0 6 Personnes<\/strong><\/p>\n[\/vc_column_text][\/vc_column_inner][vc_column_inner column_padding=&#8220;no-extra-padding&#8220; column_padding_position=&#8220;all&#8220; background_color_opacity=&#8220;1&#8243; background_hover_color_opacity=&#8220;1&#8243; column_shadow=&#8220;none&#8220; column_border_radius=&#8220;none&#8220; width=&#8220;1\/6&#8243; column_border_width=&#8220;none&#8220; column_border_style=&#8220;solid&#8220;][image_with_animation image_url=&#8220;6837&#8243; alignment=&#8220;center&#8220; animation=&#8220;Fade In From Bottom&#8220; border_radius=&#8220;none&#8220; box_shadow=&#8220;none&#8220; max_width=&#8220;100%&#8220; delay=&#8220;200&#8243;][divider line_type=&#8220;No Line&#8220; custom_height=&#8220;10&#8243;][vc_column_text]\n<p style=\"text-align: center;\"><strong>Cuisine \u00e9quip\u00e9e<\/strong><\/p>\n[\/vc_column_text][\/vc_column_inner][vc_column_inner column_padding=&#8220;no-extra-padding&#8220; column_padding_position=&#8220;all&#8220; background_color_opacity=&#8220;1&#8243; background_hover_color_opacity=&#8220;1&#8243; column_shadow=&#8220;none&#8220; column_border_radius=&#8220;none&#8220; width=&#8220;1\/6&#8243; column_border_width=&#8220;none&#8220; column_border_style=&#8220;solid&#8220;][image_with_animation image_url=&#8220;6825&#8243; alignment=&#8220;center&#8220; animation=&#8220;Fade In From Bottom&#8220; border_radius=&#8220;none&#8220; box_shadow=&#8220;none&#8220; max_width=&#8220;100%&#8220; delay=&#8220;250&#8243;][divider line_type=&#8220;No Line&#8220; custom_height=&#8220;10&#8243;][vc_column_text]\n<p style=\"text-align: center;\"><strong>Salle de bain<\/strong><\/p>\n[\/vc_column_text][\/vc_column_inner][vc_column_inner column_padding=&#8220;no-extra-padding&#8220; column_padding_position=&#8220;all&#8220; background_color_opacity=&#8220;1&#8243; background_hover_color_opacity=&#8220;1&#8243; column_shadow=&#8220;none&#8220; column_border_radius=&#8220;none&#8220; width=&#8220;1\/6&#8243; column_border_width=&#8220;none&#8220; column_border_style=&#8220;solid&#8220;][image_with_animation image_url=&#8220;6821&#8243; alignment=&#8220;center&#8220; animation=&#8220;Fade In From Bottom&#8220; border_radius=&#8220;none&#8220; box_shadow=&#8220;none&#8220; max_width=&#8220;100%&#8220; delay=&#8220;300&#8243;][divider line_type=&#8220;No Line&#8220; custom_height=&#8220;10&#8243;][vc_column_text]\n<p style=\"text-align: center;\"><strong>Chauffage \u00e9lectrique<\/strong><\/p>\n[\/vc_column_text][\/vc_column_inner][vc_column_inner column_padding=&#8220;no-extra-padding&#8220; column_padding_position=&#8220;all&#8220; background_color_opacity=&#8220;1&#8243; background_hover_color_opacity=&#8220;1&#8243; column_shadow=&#8220;none&#8220; column_border_radius=&#8220;none&#8220; width=&#8220;1\/6&#8243; column_border_width=&#8220;none&#8220; column_border_style=&#8220;solid&#8220;][image_with_animation image_url=&#8220;6860&#8243; alignment=&#8220;center&#8220; animation=&#8220;Fade In From Bottom&#8220; border_radius=&#8220;none&#8220; box_shadow=&#8220;none&#8220; max_width=&#8220;100%&#8220; delay=&#8220;350&#8243;][divider line_type=&#8220;No Line&#8220; custom_height=&#8220;10&#8243;][vc_column_text]\n<p style=\"text-align: center;\"><strong>Place de stationnement<\/strong><\/p>\n[\/vc_column_text][\/vc_column_inner][\/vc_row_inner][vc_row_inner column_margin=&#8220;default&#8220; text_align=&#8220;left&#8220;][vc_column_inner column_padding=&#8220;no-extra-padding&#8220; column_padding_position=&#8220;all&#8220; background_color_opacity=&#8220;1&#8243; background_hover_color_opacity=&#8220;1&#8243; column_shadow=&#8220;none&#8220; column_border_radius=&#8220;none&#8220; width=&#8220;1\/1&#8243; column_border_width=&#8220;none&#8220; column_border_style=&#8220;solid&#8220;][divider line_type=&#8220;Full Width Line&#8220; line_thickness=&#8220;1&#8243; divider_color=&#8220;accent-color&#8220;][\/vc_column_inner][\/vc_row_inner][\/vc_column][\/vc_row][vc_row type=&#8220;in_container&#8220; full_screen_row_position=&#8220;middle&#8220; scene_position=&#8220;center&#8220; text_color=&#8220;dark&#8220; text_align=&#8220;left&#8220; overlay_strength=&#8220;0.3&#8243; shape_divider_position=&#8220;bottom&#8220;][vc_column column_padding=&#8220;no-extra-padding&#8220; column_padding_position=&#8220;all&#8220; background_color_opacity=&#8220;1&#8243; background_hover_color_opacity=&#8220;1&#8243; column_shadow=&#8220;none&#8220; column_border_radius=&#8220;none&#8220; width=&#8220;1\/1&#8243; tablet_text_alignment=&#8220;default&#8220; phone_text_alignment=&#8220;default&#8220; column_border_width=&#8220;none&#8220; column_border_style=&#8220;solid&#8220;]<div id=\"ultimate-heading-327269dc91c431768\" class=\"uvc-heading ult-adjust-bottom-margin ultimate-heading-327269dc91c431768 uvc-2773 \" data-hspacer=\"no_spacer\"  data-halign=\"center\" style=\"text-align:center\"><div class=\"uvc-heading-spacer no_spacer\" style=\"top\"><\/div><div class=\"uvc-main-heading ult-responsive\"  data-ultimate-target='.uvc-heading.ultimate-heading-327269dc91c431768 div'  data-responsive-json-new='{\"font-size\":\"desktop:25px;\",\"line-height\":\"desktop:25px;\"}' ><div style=\"font-family:&#039;Quicksand&#039;;font-weight:700;color:#7db927;margin-bottom:15px;\">Buchungsplan<\/div><\/div><\/div><div class=\" ubtn-ctn-center \"><a class=\"ubtn-link ult-adjust-bottom-margin ubtn-center ubtn-large \" href=\"https:\/\/thelisresa.webcamp.fr\/?camping=die26&lang=de\" target=\"_blank\" rel=\"noopener\" ><button type=\"button\" id=\"ubtn-6674\"  class=\"ubtn ult-adjust-bottom-margin ult-responsive ubtn-large ubtn-no-hover-bg  none  ubtn-sep-icon ubtn-sep-icon-at-left  ubtn-center   tooltip-69dc91c4317ac\"  data-hover=\"\" data-border-color=\"\" data-bg=\"#f39100\" data-hover-bg=\"\" data-border-hover=\"\" data-shadow-hover=\"\" data-shadow-click=\"none\" data-shadow=\"\" data-shd-shadow=\"\"  data-ultimate-target='#ubtn-6674'  data-responsive-json-new='{\"font-size\":\"desktop:14px;\",\"line-height\":\"desktop:14px;\"}'  style=\"font-family:&#039;Quicksand&#039;;font-weight:500;border:none;background: #f39100;color: #ffffff;\"><span class=\"ubtn-data ubtn-icon\"><i class=\"Defaults-calendar\" style=\"font-size:13px;color:#ffffff;\"><\/i><\/span><span class=\"ubtn-hover\" style=\"background-color:\"><\/span><span class=\"ubtn-data ubtn-text \" >Online Buchungsanfrage<\/span><\/button><\/a><\/div>[vc_column_text]<iframe src=\"\/\/www.cybevasion.fr\/annonces_planning.php?id_annonce=47357&amp;num_planning=1&amp;langue=de\" name=\"planning\" width=\"100%\" height=\"450\" frameborder=\"0\"><\/iframe>[\/vc_column_text][\/vc_column][\/vc_row]\n","protected":false},"excerpt":{"rendered":"<p>[vc_row type=&#8220;in_container&#8220; full_screen_row_position=&#8220;middle&#8220; scene_position=&#8220;center&#8220; text_color=&#8220;dark&#8220; text_align=&#8220;left&#8220; overlay_strength=&#8220;0.3&#8243; shape_divider_position=&#8220;bottom&#8220;][vc_column column_padding=&#8220;no-extra-padding&#8220; column_padding_position=&#8220;all&#8220; background_color_opacity=&#8220;1&#8243; background_hover_color_opacity=&#8220;1&#8243; column_shadow=&#8220;none&#8220; column_border_radius=&#8220;none&#8220; width=&#8220;1\/1&#8243; tablet_text_alignment=&#8220;default&#8220; phone_text_alignment=&#8220;default&#8220; column_border_width=&#8220;none&#8220; column_border_style=&#8220;solid&#8220;][vc_row_inner column_margin=&#8220;default&#8220; text_align=&#8220;left&#8220;][vc_column_inner column_padding=&#8220;no-extra-padding&#8220; column_padding_position=&#8220;all&#8220; background_color_opacity=&#8220;1&#8243; background_hover_color_opacity=&#8220;1&#8243; column_shadow=&#8220;none&#8220; column_border_radius=&#8220;none&#8220; width=&#8220;1\/1&#8243; column_border_width=&#8220;none&#8220; column_border_style=&#8220;solid&#8220;][\/vc_column_inner][\/vc_row_inner][\/vc_column][\/vc_row][vc_row&#8230;<\/p>\n","protected":false},"author":1,"featured_media":0,"parent":7550,"menu_order":1,"comment_status":"closed","ping_status":"closed","template":"","meta":[],"yoast_head":"<!-- This site is optimized with the Yoast SEO plugin v15.0 - https:\/\/yoast.com\/wordpress\/plugins\/seo\/ -->\n<title>Chalet Glandasse - Camping municipal de Justin \u00e0 Die<\/title>\n<meta name=\"robots\" content=\"index, follow, max-snippet:-1, max-image-preview:large, max-video-preview:-1\" \/>\n<link rel=\"canonical\" href=\"https:\/\/www.camping-die.com\/de\/unterkunfte\/vermietung-von-chalets\/chalet-glandasse\/\" \/>\n<meta property=\"og:locale\" content=\"de_DE\" \/>\n<meta property=\"og:type\" content=\"article\" \/>\n<meta property=\"og:title\" content=\"Chalet Glandasse - Camping municipal de Justin \u00e0 Die\" \/>\n<meta property=\"og:description\" content=\"[vc_row type=&#8220;in_container&#8220; full_screen_row_position=&#8220;middle&#8220; scene_position=&#8220;center&#8220; text_color=&#8220;dark&#8220; text_align=&#8220;left&#8220; overlay_strength=&#8220;0.3&#8243; shape_divider_position=&#8220;bottom&#8220;][vc_column column_padding=&#8220;no-extra-padding&#8220; column_padding_position=&#8220;all&#8220; background_color_opacity=&#8220;1&#8243; background_hover_color_opacity=&#8220;1&#8243; column_shadow=&#8220;none&#8220; column_border_radius=&#8220;none&#8220; width=&#8220;1\/1&#8243; tablet_text_alignment=&#8220;default&#8220; phone_text_alignment=&#8220;default&#8220; column_border_width=&#8220;none&#8220; column_border_style=&#8220;solid&#8220;][vc_row_inner column_margin=&#8220;default&#8220; text_align=&#8220;left&#8220;][vc_column_inner column_padding=&#8220;no-extra-padding&#8220; column_padding_position=&#8220;all&#8220; background_color_opacity=&#8220;1&#8243; background_hover_color_opacity=&#8220;1&#8243; column_shadow=&#8220;none&#8220; column_border_radius=&#8220;none&#8220; width=&#8220;1\/1&#8243; column_border_width=&#8220;none&#8220; column_border_style=&#8220;solid&#8220;][\/vc_column_inner][\/vc_row_inner][\/vc_column][\/vc_row][vc_row...\" \/>\n<meta property=\"og:url\" content=\"https:\/\/www.camping-die.com\/de\/unterkunfte\/vermietung-von-chalets\/chalet-glandasse\/\" \/>\n<meta property=\"og:site_name\" content=\"Camping municipal de Justin \u00e0 Die\" \/>\n<meta property=\"article:modified_time\" content=\"2026-01-23T14:03:57+00:00\" \/>\n<meta property=\"og:image\" content=\"https:\/\/www.camping-die.com\/wp-content\/uploads\/2017\/12\/icones_notice_chalet-1.png\" \/>\n<meta name=\"twitter:card\" content=\"summary_large_image\" \/>\n<script type=\"application\/ld+json\" class=\"yoast-schema-graph\">{\"@context\":\"https:\/\/schema.org\",\"@graph\":[{\"@type\":\"WebSite\",\"@id\":\"https:\/\/www.camping-die.com\/de\/#website\",\"url\":\"https:\/\/www.camping-die.com\/de\/\",\"name\":\"Camping municipal de Justin \\u00e0 Die\",\"description\":\"Camping Municipal de Die dans la Dr\\u00f4me\",\"potentialAction\":[{\"@type\":\"SearchAction\",\"target\":\"https:\/\/www.camping-die.com\/de\/?s={search_term_string}\",\"query-input\":\"required name=search_term_string\"}],\"inLanguage\":\"de\"},{\"@type\":\"ImageObject\",\"@id\":\"https:\/\/www.camping-die.com\/de\/unterkunfte\/vermietung-von-chalets\/chalet-glandasse\/#primaryimage\",\"inLanguage\":\"de\",\"url\":\"https:\/\/www.camping-die.com\/wp-content\/uploads\/2017\/12\/icones_notice_chalet-1.png\",\"width\":35,\"height\":35},{\"@type\":\"WebPage\",\"@id\":\"https:\/\/www.camping-die.com\/de\/unterkunfte\/vermietung-von-chalets\/chalet-glandasse\/#webpage\",\"url\":\"https:\/\/www.camping-die.com\/de\/unterkunfte\/vermietung-von-chalets\/chalet-glandasse\/\",\"name\":\"Chalet Glandasse - Camping municipal de Justin \\u00e0 Die\",\"isPartOf\":{\"@id\":\"https:\/\/www.camping-die.com\/de\/#website\"},\"primaryImageOfPage\":{\"@id\":\"https:\/\/www.camping-die.com\/de\/unterkunfte\/vermietung-von-chalets\/chalet-glandasse\/#primaryimage\"},\"datePublished\":\"2017-12-13T15:31:37+00:00\",\"dateModified\":\"2026-01-23T14:03:57+00:00\",\"inLanguage\":\"de\",\"potentialAction\":[{\"@type\":\"ReadAction\",\"target\":[\"https:\/\/www.camping-die.com\/de\/unterkunfte\/vermietung-von-chalets\/chalet-glandasse\/\"]}]}]}<\/script>\n<!-- \/ Yoast SEO plugin. -->","_links":{"self":[{"href":"https:\/\/www.camping-die.com\/de\/wp-json\/wp\/v2\/pages\/7618"}],"collection":[{"href":"https:\/\/www.camping-die.com\/de\/wp-json\/wp\/v2\/pages"}],"about":[{"href":"https:\/\/www.camping-die.com\/de\/wp-json\/wp\/v2\/types\/page"}],"author":[{"embeddable":true,"href":"https:\/\/www.camping-die.com\/de\/wp-json\/wp\/v2\/users\/1"}],"replies":[{"embeddable":true,"href":"https:\/\/www.camping-die.com\/de\/wp-json\/wp\/v2\/comments?post=7618"}],"version-history":[{"count":5,"href":"https:\/\/www.camping-die.com\/de\/wp-json\/wp\/v2\/pages\/7618\/revisions"}],"predecessor-version":[{"id":9742,"href":"https:\/\/www.camping-die.com\/de\/wp-json\/wp\/v2\/pages\/7618\/revisions\/9742"}],"up":[{"embeddable":true,"href":"https:\/\/www.camping-die.com\/de\/wp-json\/wp\/v2\/pages\/7550"}],"wp:attachment":[{"href":"https:\/\/www.camping-die.com\/de\/wp-json\/wp\/v2\/media?parent=7618"}],"curies":[{"name":"wp","href":"https:\/\/api.w.org\/{rel}","templated":true}]}}