{"id":7720,"date":"2017-12-13T17:14:26","date_gmt":"2017-12-13T16:14:26","guid":{"rendered":"http:\/\/travaux.korigan.fr\/_campingdie\/unterkunfte\/vermietung-von-chalets\/chalet-saint-genix\/"},"modified":"2026-01-23T15:04:34","modified_gmt":"2026-01-23T14:04:34","slug":"chalet-saint-genix","status":"publish","type":"page","link":"https:\/\/www.camping-die.com\/de\/unterkunfte\/vermietung-von-chalets\/chalet-saint-genix\/","title":{"rendered":"Chalet Saint Genix"},"content":{"rendered":"[vc_row type=&#8220;in_container&#8220; full_screen_row_position=&#8220;middle&#8220; scene_position=&#8220;center&#8220; text_color=&#8220;dark&#8220; text_align=&#8220;left&#8220; overlay_strength=&#8220;0.3&#8243; shape_divider_position=&#8220;bottom&#8220;][vc_column column_padding=&#8220;no-extra-padding&#8220; column_padding_position=&#8220;all&#8220; background_color_opacity=&#8220;1&#8243; background_hover_color_opacity=&#8220;1&#8243; column_shadow=&#8220;none&#8220; column_border_radius=&#8220;none&#8220; width=&#8220;1\/1&#8243; tablet_text_alignment=&#8220;default&#8220; phone_text_alignment=&#8220;default&#8220; column_border_width=&#8220;none&#8220; column_border_style=&#8220;solid&#8220;][vc_row_inner column_margin=&#8220;default&#8220; text_align=&#8220;left&#8220;][vc_column_inner column_padding=&#8220;no-extra-padding&#8220; column_padding_position=&#8220;all&#8220; background_color_opacity=&#8220;1&#8243; background_hover_color_opacity=&#8220;1&#8243; column_shadow=&#8220;none&#8220; column_border_radius=&#8220;none&#8220; width=&#8220;1\/1&#8243; column_border_width=&#8220;none&#8220; column_border_style=&#8220;solid&#8220;]<div id=\"ultimate-heading-593769e9eac4e5438\" class=\"uvc-heading ult-adjust-bottom-margin ultimate-heading-593769e9eac4e5438 uvc-6915 pmr-title\" data-hspacer=\"no_spacer\"  data-halign=\"center\" style=\"text-align:center\"><div class=\"uvc-heading-spacer no_spacer\" style=\"top\"><\/div><div class=\"uvc-main-heading ult-responsive\"  data-ultimate-target='.uvc-heading.ultimate-heading-593769e9eac4e5438 h1'  data-responsive-json-new='{\"font-size\":\"desktop:40px;\",\"line-height\":\"\"}' ><h1 style=\"font-family:&#039;Quicksand&#039;;font-weight:700;color:#5aaeaf;\">Chalet Saint-Genix<\/h1><\/div><\/div>[\/vc_column_inner][\/vc_row_inner][\/vc_column][\/vc_row][vc_row type=&#8220;in_container&#8220; full_screen_row_position=&#8220;middle&#8220; scene_position=&#8220;center&#8220; text_color=&#8220;dark&#8220; text_align=&#8220;left&#8220; overlay_strength=&#8220;0.3&#8243; shape_divider_position=&#8220;bottom&#8220; shape_type=&#8220;&#8220;][vc_column column_padding=&#8220;no-extra-padding&#8220; column_padding_position=&#8220;all&#8220; background_color_opacity=&#8220;1&#8243; background_hover_color_opacity=&#8220;1&#8243; column_shadow=&#8220;none&#8220; column_border_radius=&#8220;none&#8220; width=&#8220;1\/1&#8243; tablet_text_alignment=&#8220;default&#8220; phone_text_alignment=&#8220;default&#8220; column_border_width=&#8220;none&#8220; column_border_style=&#8220;solid&#8220;]<div id=\"ult-carousel-44554879869e9eac4e55a0\" class=\"ult-carousel-wrapper  centerdots ult_horizontal\" data-gutter=\"15\" data-rtl=\"false\" ><div class=\"ult-carousel-41843212769e9eac4e54b2 \" >[image_with_animation image_url=&#8220;6878&#8243; alignment=&#8220;center&#8220; animation=&#8220;Fade In&#8220; border_radius=&#8220;none&#8220; box_shadow=&#8220;none&#8220; max_width=&#8220;100%&#8220;][image_with_animation image_url=&#8220;6894&#8243; alignment=&#8220;center&#8220; animation=&#8220;Fade In&#8220; border_radius=&#8220;none&#8220; box_shadow=&#8220;none&#8220; max_width=&#8220;100%&#8220;][image_with_animation image_url=&#8220;6882&#8243; alignment=&#8220;center&#8220; animation=&#8220;Fade In&#8220; border_radius=&#8220;none&#8220; box_shadow=&#8220;none&#8220; max_width=&#8220;100%&#8220;][image_with_animation image_url=&#8220;6886&#8243; alignment=&#8220;center&#8220; animation=&#8220;Fade In&#8220; border_radius=&#8220;none&#8220; box_shadow=&#8220;none&#8220; max_width=&#8220;100%&#8220;][image_with_animation image_url=&#8220;6890&#8243; alignment=&#8220;center&#8220; animation=&#8220;Fade In&#8220; border_radius=&#8220;none&#8220; box_shadow=&#8220;none&#8220; max_width=&#8220;100%&#8220;][image_with_animation image_url=&#8220;6899&#8243; alignment=&#8220;center&#8220; animation=&#8220;Fade In&#8220; border_radius=&#8220;none&#8220; box_shadow=&#8220;none&#8220; max_width=&#8220;100%&#8220;][image_with_animation image_url=&#8220;6903&#8243; alignment=&#8220;center&#8220; animation=&#8220;Fade In&#8220; border_radius=&#8220;none&#8220; box_shadow=&#8220;none&#8220; max_width=&#8220;100%&#8220;][image_with_animation image_url=&#8220;6908&#8243; alignment=&#8220;center&#8220; animation=&#8220;Fade In&#8220; border_radius=&#8220;none&#8220; box_shadow=&#8220;none&#8220; max_width=&#8220;100%&#8220;]<\/div><\/div>\t\t\t<script type=\"text\/javascript\">\r\n\t\t\t\tjQuery(document).ready(function ($) {\r\n\t\t\t\t\tif( typeof jQuery('.ult-carousel-41843212769e9eac4e54b2').slick == \"function\"){\r\n\t\t\t\t\t\t$('.ult-carousel-41843212769e9eac4e54b2').slick({dots: true,autoplay: true,autoplaySpeed: 5000,speed: 300,infinite: true,arrows: false,slidesToScroll:1,slidesToShow:1,swipe: true,draggable: true,touchMove: true,pauseOnHover: true,pauseOnFocus: false,adaptiveHeight: true,responsive: [\r\n\t\t\t\t\t\t\t{\r\n\t\t\t\t\t\t\t  breakpoint: 1026,\r\n\t\t\t\t\t\t\t  settings: {\r\n\t\t\t\t\t\t\t\tslidesToShow: 1,\r\n\t\t\t\t\t\t\t\tslidesToScroll: 1,  \r\n\t\t\t\t\t\t\t  }\r\n\t\t\t\t\t\t\t},\r\n\t\t\t\t\t\t\t{\r\n\t\t\t\t\t\t\t  breakpoint: 1025,\r\n\t\t\t\t\t\t\t  settings: {\r\n\t\t\t\t\t\t\t\tslidesToShow: 1,\r\n\t\t\t\t\t\t\t\tslidesToScroll: 1\r\n\t\t\t\t\t\t\t  }\r\n\t\t\t\t\t\t\t},\r\n\t\t\t\t\t\t\t{\r\n\t\t\t\t\t\t\t  breakpoint: 760,\r\n\t\t\t\t\t\t\t  settings: {\r\n\t\t\t\t\t\t\t\tslidesToShow: 1,\r\n\t\t\t\t\t\t\t\tslidesToScroll: 1\r\n\t\t\t\t\t\t\t  }\r\n\t\t\t\t\t\t\t}\r\n\t\t\t\t\t\t],pauseOnDotsHover: true,customPaging: function(slider, i) {\r\n                   return '<i type=\"button\" style= \"color:#5aaeaf;\" class=\"ultsl-record\" data-role=\"none\"><\/i>';\r\n                },});\r\n\t\t\t\t\t}\r\n\t\t\t\t});\r\n\t\t\t<\/script>\r\n\t\t\t[vc_row_inner equal_height=&#8220;yes&#8220; column_margin=&#8220;default&#8220; text_align=&#8220;left&#8220; css=&#8220;.vc_custom_1512484857342{background-color: #88ccc9 !important;}&#8220;][vc_column_inner column_padding=&#8220;padding-2-percent&#8220; column_padding_position=&#8220;all&#8220; background_color=&#8220;#5aaeaf&#8220; background_color_opacity=&#8220;1&#8243; background_hover_color_opacity=&#8220;1&#8243; font_color=&#8220;#ffffff&#8220; column_shadow=&#8220;none&#8220; column_border_radius=&#8220;none&#8220; width=&#8220;1\/3&#8243; column_border_width=&#8220;none&#8220; column_border_style=&#8220;solid&#8220;]<div id=\"ultimate-heading-84769e9eac4e5614\" class=\"uvc-heading ult-adjust-bottom-margin ultimate-heading-84769e9eac4e5614 uvc-5599 \" data-hspacer=\"no_spacer\"  data-halign=\"left\" style=\"text-align:left\"><div class=\"uvc-heading-spacer no_spacer\" style=\"top\"><\/div><div class=\"uvc-main-heading ult-responsive\"  data-ultimate-target='.uvc-heading.ultimate-heading-84769e9eac4e5614 p'  data-responsive-json-new='{\"font-size\":\"desktop:18px;\",\"line-height\":\"\"}' ><p style=\"font-family:&#039;Quicksand&#039;;font-weight:700;\">Beschreibung<\/p><\/div><\/div>[vc_column_text]F\u00fcr G\u00e4ste im Rollstuhl geeignet. Eintrittsrampe, 4 Schlaffstellen (s.chalet ohne Schlafsofa).<br \/>\nDie T\u00fcren sind breiter, das Wohnzimmer enth\u00e4lt eine K\u00fcchenecke.[\/vc_column_text][\/vc_column_inner][vc_column_inner column_padding=&#8220;padding-2-percent&#8220; column_padding_position=&#8220;all&#8220; background_color_opacity=&#8220;1&#8243; background_hover_color_opacity=&#8220;1&#8243; font_color=&#8220;#ffffff&#8220; column_shadow=&#8220;none&#8220; column_border_radius=&#8220;none&#8220; width=&#8220;1\/3&#8243; column_border_width=&#8220;none&#8220; column_border_style=&#8220;solid&#8220;]<div id=\"ultimate-heading-6469e9eac4e5654\" class=\"uvc-heading ult-adjust-bottom-margin ultimate-heading-6469e9eac4e5654 uvc-9032 \" data-hspacer=\"no_spacer\"  data-halign=\"left\" style=\"text-align:left\"><div class=\"uvc-heading-spacer no_spacer\" style=\"top\"><\/div><div class=\"uvc-main-heading ult-responsive\"  data-ultimate-target='.uvc-heading.ultimate-heading-6469e9eac4e5654 p'  data-responsive-json-new='{\"font-size\":\"desktop:18px;\",\"line-height\":\"\"}' ><p style=\"font-family:&#039;Quicksand&#039;;font-weight:700;\">Spezifikationen<\/p><\/div><\/div>[vc_column_text]\u2022 Zimmer : Zimmer 1 mit 1 Doppelbett und Zimmer 2 mit Etagenbett,  Schrank.<br \/>\n\u2022 Badezimmer : Dusche, Waschbecken, Handtuchhalter. Toilette im Raum.<br \/>\n\u2022 Wohnzimmer : Tisch + 4 St\u00fchle. Fernseher. K\u00fcchenecke : Waschbecken, 2 Ceranfelder, K\u00fchlschrank, Miniofen, Kaffeemaschine, Microwelle, Wasserkocher + alle \u00fcblichen Utensilien.<br \/>\n\u2022 Terrasse : Tisch, B\u00e4nke, Liegest\u00fchle. Au\u00dfenterrasse aus Holz. Eine Parkstelle vor dem Chalet.<\/p>\n<p>Elektrische Heizung in allen R\u00e4umen.<br \/>\nSie m\u00fcssen die Bettw\u00e4sche, Kissenbez\u00fcge, Handt\u00fccher, Geschirrt\u00fccher mitbringen.[\/vc_column_text][\/vc_column_inner][vc_column_inner column_padding=&#8220;padding-2-percent&#8220; column_padding_position=&#8220;all&#8220; background_color_opacity=&#8220;1&#8243; background_hover_color_opacity=&#8220;1&#8243; font_color=&#8220;#ffffff&#8220; column_shadow=&#8220;none&#8220; column_border_radius=&#8220;none&#8220; width=&#8220;1\/3&#8243; column_border_width=&#8220;none&#8220; column_border_style=&#8220;solid&#8220;]<div id=\"ultimate-heading-874969e9eac4e568a\" class=\"uvc-heading ult-adjust-bottom-margin ultimate-heading-874969e9eac4e568a uvc-4478 \" data-hspacer=\"no_spacer\"  data-halign=\"left\" style=\"text-align:left\"><div class=\"uvc-heading-spacer no_spacer\" style=\"top\"><\/div><div class=\"uvc-main-heading ult-responsive\"  data-ultimate-target='.uvc-heading.ultimate-heading-874969e9eac4e568a p'  data-responsive-json-new='{\"font-size\":\"desktop:18px;\",\"line-height\":\"\"}' ><p style=\"font-family:&#039;Quicksand&#039;;font-weight:700;\">Praktische Informationen<\/p><\/div><\/div>[vc_column_text]<em>Sie m\u00fcssen Bettw\u00e4sche, Kissenbez\u00fcge, Handt\u00fccher, Geschirrt\u00fccher bringen.<\/em>[\/vc_column_text][divider line_type=&#8220;Full Width Line&#8220; line_thickness=&#8220;1&#8243; divider_color=&#8220;default&#8220; custom_height=&#8220;50&#8243;][vc_column_text el_class=&#8220;centerp&#8220;]<a href=\"https:\/\/www.camping-die.com\/doc\/Inventaire-Chalet-Saint-Genix-FR.pdf\" target=\"_blank\" rel=\"noopener noreferrer\"><img class=\"alignnone wp-image-6923 size-full\" src=\"https:\/\/www.camping-die.com\/wp-content\/uploads\/2017\/12\/icones_notice_chalet-1.png\" alt=\"\" width=\"35\" height=\"35\" \/><strong>T\u00e9l\u00e9charger l&#8217;inventaire du chalet<\/strong><\/a>[\/vc_column_text][\/vc_column_inner][\/vc_row_inner][vc_row_inner content_placement=&#8220;bottom&#8220; column_margin=&#8220;default&#8220; text_align=&#8220;left&#8220;][vc_column_inner enable_animation=&#8220;true&#8220; animation=&#8220;fade-in-from-bottom&#8220; column_padding=&#8220;no-extra-padding&#8220; column_padding_position=&#8220;all&#8220; background_color_opacity=&#8220;1&#8243; background_hover_color_opacity=&#8220;1&#8243; column_shadow=&#8220;none&#8220; column_border_radius=&#8220;none&#8220; width=&#8220;1\/6&#8243; column_border_width=&#8220;none&#8220; column_border_style=&#8220;solid&#8220; delay=&#8220;100&#8243;]<div id=\"ultimate-heading-835069e9eac4e56bf\" class=\"uvc-heading ult-adjust-bottom-margin ultimate-heading-835069e9eac4e56bf uvc-7709 \" data-hspacer=\"no_spacer\"  data-halign=\"left\" style=\"text-align:left\"><div class=\"uvc-heading-spacer no_spacer\" style=\"top\"><\/div><div class=\"uvc-main-heading ult-responsive\"  data-ultimate-target='.uvc-heading.ultimate-heading-835069e9eac4e56bf div'  data-responsive-json-new='{\"font-size\":\"desktop:25px;\",\"line-height\":\"\"}' ><div style=\"font-family:&#039;Quicksand&#039;;font-weight:700;color:#5aaeaf;\">In Zusammenfassung<\/div><\/div><\/div>[\/vc_column_inner][vc_column_inner column_padding=&#8220;no-extra-padding&#8220; column_padding_position=&#8220;all&#8220; background_color_opacity=&#8220;1&#8243; background_hover_color_opacity=&#8220;1&#8243; column_shadow=&#8220;none&#8220; column_border_radius=&#8220;none&#8220; width=&#8220;1\/6&#8243; column_border_width=&#8220;none&#8220; column_border_style=&#8220;solid&#8220;][image_with_animation image_url=&#8220;6833&#8243; alignment=&#8220;center&#8220; animation=&#8220;Fade In From Bottom&#8220; border_radius=&#8220;none&#8220; box_shadow=&#8220;none&#8220; max_width=&#8220;100%&#8220;][divider line_type=&#8220;No Line&#8220; custom_height=&#8220;10&#8243;][vc_column_text]\n<p style=\"text-align: center;\"><strong>4 Personen<\/strong><\/p>\n[\/vc_column_text][\/vc_column_inner][vc_column_inner column_padding=&#8220;no-extra-padding&#8220; column_padding_position=&#8220;all&#8220; background_color_opacity=&#8220;1&#8243; background_hover_color_opacity=&#8220;1&#8243; column_shadow=&#8220;none&#8220; column_border_radius=&#8220;none&#8220; width=&#8220;1\/6&#8243; column_border_width=&#8220;none&#8220; column_border_style=&#8220;solid&#8220;][image_with_animation image_url=&#8220;6837&#8243; alignment=&#8220;center&#8220; animation=&#8220;Fade In From Bottom&#8220; border_radius=&#8220;none&#8220; box_shadow=&#8220;none&#8220; max_width=&#8220;100%&#8220; delay=&#8220;200&#8243;][divider line_type=&#8220;No Line&#8220; custom_height=&#8220;10&#8243;][vc_column_text]\n<p style=\"text-align: center;\"><strong>Ausgestattete K\u00fcche<\/strong><\/p>\n[\/vc_column_text][\/vc_column_inner][vc_column_inner column_padding=&#8220;no-extra-padding&#8220; column_padding_position=&#8220;all&#8220; background_color_opacity=&#8220;1&#8243; background_hover_color_opacity=&#8220;1&#8243; column_shadow=&#8220;none&#8220; column_border_radius=&#8220;none&#8220; width=&#8220;1\/6&#8243; column_border_width=&#8220;none&#8220; column_border_style=&#8220;solid&#8220;][image_with_animation image_url=&#8220;6825&#8243; alignment=&#8220;center&#8220; animation=&#8220;Fade In From Bottom&#8220; border_radius=&#8220;none&#8220; box_shadow=&#8220;none&#8220; max_width=&#8220;100%&#8220; delay=&#8220;250&#8243;][divider line_type=&#8220;No Line&#8220; custom_height=&#8220;10&#8243;][vc_column_text]\n<p style=\"text-align: center;\"><strong>Badezimmer<\/strong><\/p>\n[\/vc_column_text][\/vc_column_inner][vc_column_inner column_padding=&#8220;no-extra-padding&#8220; column_padding_position=&#8220;all&#8220; background_color_opacity=&#8220;1&#8243; background_hover_color_opacity=&#8220;1&#8243; column_shadow=&#8220;none&#8220; column_border_radius=&#8220;none&#8220; width=&#8220;1\/6&#8243; column_border_width=&#8220;none&#8220; column_border_style=&#8220;solid&#8220;][image_with_animation image_url=&#8220;6821&#8243; alignment=&#8220;center&#8220; animation=&#8220;Fade In From Bottom&#8220; border_radius=&#8220;none&#8220; box_shadow=&#8220;none&#8220; max_width=&#8220;100%&#8220; delay=&#8220;300&#8243;][divider line_type=&#8220;No Line&#8220; custom_height=&#8220;10&#8243;][vc_column_text]\n<p style=\"text-align: center;\"><strong>Elektrische Heizung<\/strong><\/p>\n[\/vc_column_text][\/vc_column_inner][vc_column_inner column_padding=&#8220;no-extra-padding&#8220; column_padding_position=&#8220;all&#8220; background_color_opacity=&#8220;1&#8243; background_hover_color_opacity=&#8220;1&#8243; column_shadow=&#8220;none&#8220; column_border_radius=&#8220;none&#8220; width=&#8220;1\/6&#8243; column_border_width=&#8220;none&#8220; column_border_style=&#8220;solid&#8220;][image_with_animation image_url=&#8220;6829&#8243; alignment=&#8220;center&#8220; animation=&#8220;Fade In From Bottom&#8220; border_radius=&#8220;none&#8220; box_shadow=&#8220;none&#8220; max_width=&#8220;100%&#8220; delay=&#8220;350&#8243;][divider line_type=&#8220;No Line&#8220; custom_height=&#8220;10&#8243;][vc_column_text]\n<p style=\"text-align: center;\"><strong>F\u00fcr G\u00e4ste im Rollstuhl geeignet<\/strong><\/p>\n[\/vc_column_text][\/vc_column_inner][\/vc_row_inner][vc_row_inner column_margin=&#8220;default&#8220; text_align=&#8220;left&#8220;][vc_column_inner column_padding=&#8220;no-extra-padding&#8220; column_padding_position=&#8220;all&#8220; background_color_opacity=&#8220;1&#8243; background_hover_color_opacity=&#8220;1&#8243; column_shadow=&#8220;none&#8220; column_border_radius=&#8220;none&#8220; width=&#8220;1\/1&#8243; column_border_width=&#8220;none&#8220; column_border_style=&#8220;solid&#8220;][divider line_type=&#8220;Full Width Line&#8220; line_thickness=&#8220;1&#8243; divider_color=&#8220;accent-color&#8220;][\/vc_column_inner][\/vc_row_inner][\/vc_column][\/vc_row][vc_row type=&#8220;in_container&#8220; full_screen_row_position=&#8220;middle&#8220; scene_position=&#8220;center&#8220; text_color=&#8220;dark&#8220; text_align=&#8220;left&#8220; overlay_strength=&#8220;0.3&#8243; shape_divider_position=&#8220;bottom&#8220;][vc_column column_padding=&#8220;no-extra-padding&#8220; column_padding_position=&#8220;all&#8220; background_color_opacity=&#8220;1&#8243; background_hover_color_opacity=&#8220;1&#8243; column_shadow=&#8220;none&#8220; column_border_radius=&#8220;none&#8220; width=&#8220;1\/1&#8243; tablet_text_alignment=&#8220;default&#8220; phone_text_alignment=&#8220;default&#8220; column_border_width=&#8220;none&#8220; column_border_style=&#8220;solid&#8220;]<div id=\"ultimate-heading-421069e9eac4e5707\" class=\"uvc-heading ult-adjust-bottom-margin ultimate-heading-421069e9eac4e5707 uvc-5799 \" data-hspacer=\"no_spacer\"  data-halign=\"center\" style=\"text-align:center\"><div class=\"uvc-heading-spacer no_spacer\" style=\"top\"><\/div><div class=\"uvc-main-heading ult-responsive\"  data-ultimate-target='.uvc-heading.ultimate-heading-421069e9eac4e5707 div'  data-responsive-json-new='{\"font-size\":\"desktop:25px;\",\"line-height\":\"\"}' ><div style=\"font-family:&#039;Quicksand&#039;;font-weight:700;color:#7db927;margin-bottom:15px;\">Buchungsplan<\/div><\/div><\/div><div class=\" ubtn-ctn-center \"><a class=\"ubtn-link ult-adjust-bottom-margin ubtn-center ubtn-large \" href=\"https:\/\/thelisresa.webcamp.fr\/?camping=die26&lang=de\" target=\"_blank\" rel=\"noopener\" ><button type=\"button\" id=\"ubtn-5654\"  class=\"ubtn ult-adjust-bottom-margin ult-responsive ubtn-large ubtn-no-hover-bg  none  ubtn-sep-icon ubtn-sep-icon-at-left  ubtn-center   tooltip-69e9eac4e574e\"  data-hover=\"\" data-border-color=\"\" data-bg=\"#f39100\" data-hover-bg=\"\" data-border-hover=\"\" data-shadow-hover=\"\" data-shadow-click=\"none\" data-shadow=\"\" data-shd-shadow=\"\"  data-ultimate-target='#ubtn-5654'  data-responsive-json-new='{\"font-size\":\"desktop:14px;\",\"line-height\":\"desktop:14px;\"}'  style=\"font-family:&#039;Quicksand&#039;;font-weight:500;border:none;background: #f39100;color: #ffffff;\"><span class=\"ubtn-data ubtn-icon\"><i class=\"Defaults-calendar\" style=\"font-size:13px;color:#ffffff;\"><\/i><\/span><span class=\"ubtn-hover\" style=\"background-color:\"><\/span><span class=\"ubtn-data ubtn-text \" >Online Buchungsanfrage<\/span><\/button><\/a><\/div>[vc_column_text]<iframe src=\"\/\/www.cybevasion.fr\/annonces_planning.php?id_annonce=47357&amp;num_planning=2&amp;langue=de\" name=\"planning\" width=\"100%\" height=\"450\" frameborder=\"0\"><\/iframe>[\/vc_column_text][\/vc_column][\/vc_row]\n","protected":false},"excerpt":{"rendered":"<p>[vc_row type=&#8220;in_container&#8220; full_screen_row_position=&#8220;middle&#8220; scene_position=&#8220;center&#8220; text_color=&#8220;dark&#8220; text_align=&#8220;left&#8220; overlay_strength=&#8220;0.3&#8243; shape_divider_position=&#8220;bottom&#8220;][vc_column column_padding=&#8220;no-extra-padding&#8220; column_padding_position=&#8220;all&#8220; background_color_opacity=&#8220;1&#8243; background_hover_color_opacity=&#8220;1&#8243; column_shadow=&#8220;none&#8220; column_border_radius=&#8220;none&#8220; width=&#8220;1\/1&#8243; tablet_text_alignment=&#8220;default&#8220; phone_text_alignment=&#8220;default&#8220; column_border_width=&#8220;none&#8220; column_border_style=&#8220;solid&#8220;][vc_row_inner column_margin=&#8220;default&#8220; text_align=&#8220;left&#8220;][vc_column_inner column_padding=&#8220;no-extra-padding&#8220; column_padding_position=&#8220;all&#8220; background_color_opacity=&#8220;1&#8243; background_hover_color_opacity=&#8220;1&#8243; column_shadow=&#8220;none&#8220; column_border_radius=&#8220;none&#8220; width=&#8220;1\/1&#8243; column_border_width=&#8220;none&#8220; column_border_style=&#8220;solid&#8220;][\/vc_column_inner][\/vc_row_inner][\/vc_column][\/vc_row][vc_row&#8230;<\/p>\n","protected":false},"author":1,"featured_media":0,"parent":7550,"menu_order":3,"comment_status":"closed","ping_status":"closed","template":"","meta":[],"yoast_head":"<!-- This site is optimized with the Yoast SEO plugin v15.0 - https:\/\/yoast.com\/wordpress\/plugins\/seo\/ -->\n<title>Chalet Saint Genix - Camping municipal de Justin \u00e0 Die<\/title>\n<meta name=\"robots\" content=\"index, follow, max-snippet:-1, max-image-preview:large, max-video-preview:-1\" \/>\n<link rel=\"canonical\" href=\"https:\/\/www.camping-die.com\/de\/unterkunfte\/vermietung-von-chalets\/chalet-saint-genix\/\" \/>\n<meta property=\"og:locale\" content=\"de_DE\" \/>\n<meta property=\"og:type\" content=\"article\" \/>\n<meta property=\"og:title\" content=\"Chalet Saint Genix - Camping municipal de Justin \u00e0 Die\" \/>\n<meta property=\"og:description\" content=\"[vc_row type=&#8220;in_container&#8220; full_screen_row_position=&#8220;middle&#8220; scene_position=&#8220;center&#8220; text_color=&#8220;dark&#8220; text_align=&#8220;left&#8220; overlay_strength=&#8220;0.3&#8243; shape_divider_position=&#8220;bottom&#8220;][vc_column column_padding=&#8220;no-extra-padding&#8220; column_padding_position=&#8220;all&#8220; background_color_opacity=&#8220;1&#8243; background_hover_color_opacity=&#8220;1&#8243; column_shadow=&#8220;none&#8220; column_border_radius=&#8220;none&#8220; width=&#8220;1\/1&#8243; tablet_text_alignment=&#8220;default&#8220; phone_text_alignment=&#8220;default&#8220; column_border_width=&#8220;none&#8220; column_border_style=&#8220;solid&#8220;][vc_row_inner column_margin=&#8220;default&#8220; text_align=&#8220;left&#8220;][vc_column_inner column_padding=&#8220;no-extra-padding&#8220; column_padding_position=&#8220;all&#8220; background_color_opacity=&#8220;1&#8243; background_hover_color_opacity=&#8220;1&#8243; column_shadow=&#8220;none&#8220; column_border_radius=&#8220;none&#8220; width=&#8220;1\/1&#8243; column_border_width=&#8220;none&#8220; column_border_style=&#8220;solid&#8220;][\/vc_column_inner][\/vc_row_inner][\/vc_column][\/vc_row][vc_row...\" \/>\n<meta property=\"og:url\" content=\"https:\/\/www.camping-die.com\/de\/unterkunfte\/vermietung-von-chalets\/chalet-saint-genix\/\" \/>\n<meta property=\"og:site_name\" content=\"Camping municipal de Justin \u00e0 Die\" \/>\n<meta property=\"article:modified_time\" content=\"2026-01-23T14:04:34+00:00\" \/>\n<meta property=\"og:image\" content=\"https:\/\/www.camping-die.com\/wp-content\/uploads\/2017\/12\/icones_notice_chalet-1.png\" \/>\n<meta name=\"twitter:card\" content=\"summary_large_image\" \/>\n<script type=\"application\/ld+json\" class=\"yoast-schema-graph\">{\"@context\":\"https:\/\/schema.org\",\"@graph\":[{\"@type\":\"WebSite\",\"@id\":\"https:\/\/www.camping-die.com\/de\/#website\",\"url\":\"https:\/\/www.camping-die.com\/de\/\",\"name\":\"Camping municipal de Justin \\u00e0 Die\",\"description\":\"Camping Municipal de Die dans la Dr\\u00f4me\",\"potentialAction\":[{\"@type\":\"SearchAction\",\"target\":\"https:\/\/www.camping-die.com\/de\/?s={search_term_string}\",\"query-input\":\"required name=search_term_string\"}],\"inLanguage\":\"de\"},{\"@type\":\"ImageObject\",\"@id\":\"https:\/\/www.camping-die.com\/de\/unterkunfte\/vermietung-von-chalets\/chalet-saint-genix\/#primaryimage\",\"inLanguage\":\"de\",\"url\":\"https:\/\/www.camping-die.com\/wp-content\/uploads\/2017\/12\/icones_notice_chalet-1.png\",\"width\":35,\"height\":35},{\"@type\":\"WebPage\",\"@id\":\"https:\/\/www.camping-die.com\/de\/unterkunfte\/vermietung-von-chalets\/chalet-saint-genix\/#webpage\",\"url\":\"https:\/\/www.camping-die.com\/de\/unterkunfte\/vermietung-von-chalets\/chalet-saint-genix\/\",\"name\":\"Chalet Saint Genix - Camping municipal de Justin \\u00e0 Die\",\"isPartOf\":{\"@id\":\"https:\/\/www.camping-die.com\/de\/#website\"},\"primaryImageOfPage\":{\"@id\":\"https:\/\/www.camping-die.com\/de\/unterkunfte\/vermietung-von-chalets\/chalet-saint-genix\/#primaryimage\"},\"datePublished\":\"2017-12-13T16:14:26+00:00\",\"dateModified\":\"2026-01-23T14:04:34+00:00\",\"inLanguage\":\"de\",\"potentialAction\":[{\"@type\":\"ReadAction\",\"target\":[\"https:\/\/www.camping-die.com\/de\/unterkunfte\/vermietung-von-chalets\/chalet-saint-genix\/\"]}]}]}<\/script>\n<!-- \/ Yoast SEO plugin. -->","_links":{"self":[{"href":"https:\/\/www.camping-die.com\/de\/wp-json\/wp\/v2\/pages\/7720"}],"collection":[{"href":"https:\/\/www.camping-die.com\/de\/wp-json\/wp\/v2\/pages"}],"about":[{"href":"https:\/\/www.camping-die.com\/de\/wp-json\/wp\/v2\/types\/page"}],"author":[{"embeddable":true,"href":"https:\/\/www.camping-die.com\/de\/wp-json\/wp\/v2\/users\/1"}],"replies":[{"embeddable":true,"href":"https:\/\/www.camping-die.com\/de\/wp-json\/wp\/v2\/comments?post=7720"}],"version-history":[{"count":5,"href":"https:\/\/www.camping-die.com\/de\/wp-json\/wp\/v2\/pages\/7720\/revisions"}],"predecessor-version":[{"id":9739,"href":"https:\/\/www.camping-die.com\/de\/wp-json\/wp\/v2\/pages\/7720\/revisions\/9739"}],"up":[{"embeddable":true,"href":"https:\/\/www.camping-die.com\/de\/wp-json\/wp\/v2\/pages\/7550"}],"wp:attachment":[{"href":"https:\/\/www.camping-die.com\/de\/wp-json\/wp\/v2\/media?parent=7720"}],"curies":[{"name":"wp","href":"https:\/\/api.w.org\/{rel}","templated":true}]}}