{"id":7378,"date":"2017-12-13T13:57:49","date_gmt":"2017-12-13T12:57:49","guid":{"rendered":"http:\/\/travaux.korigan.fr\/_campingdie\/de-camping\/presentatie\/"},"modified":"2026-01-23T15:10:15","modified_gmt":"2026-01-23T14:10:15","slug":"presentatie","status":"publish","type":"page","link":"https:\/\/www.camping-die.com\/nl\/de-camping-2\/presentatie\/","title":{"rendered":"Presentatie"},"content":{"rendered":"[vc_row type=&#8221;in_container&#8221; full_screen_row_position=&#8221;middle&#8221; column_margin=&#8221;default&#8221; scene_position=&#8221;center&#8221; text_color=&#8221;dark&#8221; text_align=&#8221;left&#8221; top_padding=&#8221;2%&#8221; bottom_padding=&#8221;2%&#8221; overlay_strength=&#8221;0.3&#8243; shape_divider_position=&#8221;bottom&#8221; bg_image_animation=&#8221;none&#8221; shape_type=&#8221;&#8221;][vc_column column_padding=&#8221;no-extra-padding&#8221; column_padding_position=&#8221;all&#8221; background_color_opacity=&#8221;1&#8243; background_hover_color_opacity=&#8221;1&#8243; column_link_target=&#8221;_self&#8221; column_shadow=&#8221;none&#8221; column_border_radius=&#8221;none&#8221; width=&#8221;1\/1&#8243; tablet_width_inherit=&#8221;default&#8221; tablet_text_alignment=&#8221;default&#8221; phone_text_alignment=&#8221;default&#8221; overlay_strength=&#8221;0.3&#8243; column_border_width=&#8221;none&#8221; column_border_style=&#8221;solid&#8221; bg_image_animation=&#8221;none&#8221;]<div id=\"ultimate-heading-53966a01ee34249fa\" class=\"uvc-heading ult-adjust-bottom-margin ultimate-heading-53966a01ee34249fa uvc-8904 \" data-hspacer=\"no_spacer\"  data-halign=\"center\" style=\"text-align:center\"><div class=\"uvc-heading-spacer no_spacer\" style=\"top\"><\/div><div class=\"uvc-main-heading ult-responsive\"  data-ultimate-target='.uvc-heading.ultimate-heading-53966a01ee34249fa h1'  data-responsive-json-new='{\"font-size\":\"desktop:40px;\",\"line-height\":\"desktop:40px;\"}' ><h1 style=\"font-weight:bold;color:#5aaeaf;\">Camping aan de rivier<\/h1><\/div><div class=\"uvc-sub-heading ult-responsive\"  data-ultimate-target='.uvc-heading.ultimate-heading-53966a01ee34249fa .uvc-sub-heading '  data-responsive-json-new='{\"font-size\":\"\",\"line-height\":\"\"}'  style=\"font-weight:normal;\">In een prachtige natuurlijke omgeving!<\/div><\/div>[\/vc_column][\/vc_row][vc_row type=&#8221;full_width_background&#8221; full_screen_row_position=&#8221;middle&#8221; column_margin=&#8221;default&#8221; bg_image=&#8221;8660&#8243; bg_position=&#8221;center center&#8221; bg_repeat=&#8221;no-repeat&#8221; scene_position=&#8221;center&#8221; text_color=&#8221;light&#8221; text_align=&#8221;left&#8221; overlay_strength=&#8221;0.3&#8243; shape_divider_position=&#8221;bottom&#8221; bg_image_animation=&#8221;none&#8221; shape_type=&#8221;&#8221;][vc_column column_padding=&#8221;no-extra-padding&#8221; column_padding_position=&#8221;all&#8221; background_color_opacity=&#8221;1&#8243; background_hover_color_opacity=&#8221;1&#8243; column_link_target=&#8221;_self&#8221; column_shadow=&#8221;none&#8221; column_border_radius=&#8221;none&#8221; width=&#8221;1\/1&#8243; tablet_width_inherit=&#8221;default&#8221; tablet_text_alignment=&#8221;default&#8221; phone_text_alignment=&#8221;default&#8221; overlay_strength=&#8221;0.3&#8243; column_border_width=&#8221;none&#8221; column_border_style=&#8221;solid&#8221; bg_image_animation=&#8221;none&#8221;][vc_row_inner column_margin=&#8221;default&#8221; top_padding=&#8221;10%&#8221; bottom_padding=&#8221;10%&#8221; text_align=&#8221;left&#8221;][vc_column_inner column_padding=&#8221;padding-4-percent&#8221; column_padding_position=&#8221;all&#8221; background_color=&#8221;#5aaeaf&#8221; background_color_opacity=&#8221;1&#8243; background_hover_color_opacity=&#8221;1&#8243; column_shadow=&#8221;none&#8221; column_border_radius=&#8221;none&#8221; column_link_target=&#8221;_self&#8221; width=&#8221;1\/3&#8243; tablet_width_inherit=&#8221;default&#8221; overlay_strength=&#8221;0.3&#8243; column_border_width=&#8221;none&#8221; column_border_style=&#8221;solid&#8221; bg_image_animation=&#8221;none&#8221; offset=&#8221;vc_col-lg-offset-6 vc_col-md-offset-6&#8243;]<div id=\"ultimate-heading-80676a01ee3424ae0\" class=\"uvc-heading ult-adjust-bottom-margin ultimate-heading-80676a01ee3424ae0 uvc-7663 \" data-hspacer=\"no_spacer\"  data-halign=\"left\" style=\"text-align:left\"><div class=\"uvc-heading-spacer no_spacer\" style=\"top\"><\/div><div class=\"uvc-main-heading ult-responsive\"  data-ultimate-target='.uvc-heading.ultimate-heading-80676a01ee3424ae0 div'  data-responsive-json-new='{\"font-size\":\"desktop:35px;\",\"line-height\":\"desktop:35px;\"}' ><div style=\"font-family:&#039;Quicksand&#039;;font-weight:700;color:#ffffff;\">Gevoel van ruimte<\/div><\/div><div class=\"uvc-sub-heading ult-responsive\"  data-ultimate-target='.uvc-heading.ultimate-heading-80676a01ee3424ae0 .uvc-sub-heading '  data-responsive-json-new='{\"font-size\":\"desktop:35px;\",\"line-height\":\"desktop:35px;\"}'  style=\"font-family:&#039;Quicksand&#039;;font-weight:700;color:#ffffff;\">&#8211;<\/div><\/div><div id=\"ultimate-heading-62076a01ee3424b6f\" class=\"uvc-heading ult-adjust-bottom-margin ultimate-heading-62076a01ee3424b6f uvc-131 \" data-hspacer=\"no_spacer\"  data-halign=\"left\" style=\"text-align:left\"><div class=\"uvc-heading-spacer no_spacer\" style=\"top\"><\/div><div class=\"uvc-main-heading ult-responsive\"  data-ultimate-target='.uvc-heading.ultimate-heading-62076a01ee3424b6f h2'  data-responsive-json-new='{\"font-size\":\"desktop:16px;\",\"line-height\":\"desktop:18px;\"}' ><h2 style=\"font-family:&#039;Quicksand&#039;;font-weight:300;color:#ffffff;\">Schaduwrijke standplaatsen van 80 -120m\u00b2, gescheiden door hagen van planten of uitziende op weidse ruimten, ideaal voor groepen kinderen, jongeren en gezinnen. Elektrische aansluitingen volgens EU-normen.<\/h2><\/div><\/div>[\/vc_column_inner][\/vc_row_inner][\/vc_column][\/vc_row][vc_row type=&#8221;in_container&#8221; full_screen_row_position=&#8221;middle&#8221; column_margin=&#8221;default&#8221; scene_position=&#8221;center&#8221; text_color=&#8221;dark&#8221; text_align=&#8221;left&#8221; top_padding=&#8221;5%&#8221; bottom_padding=&#8221;2%&#8221; overlay_strength=&#8221;0.3&#8243; shape_divider_position=&#8221;bottom&#8221; bg_image_animation=&#8221;none&#8221; shape_type=&#8221;&#8221;][vc_column column_padding=&#8221;no-extra-padding&#8221; column_padding_position=&#8221;all&#8221; background_color_opacity=&#8221;1&#8243; background_hover_color_opacity=&#8221;1&#8243; column_link_target=&#8221;_self&#8221; column_shadow=&#8221;none&#8221; column_border_radius=&#8221;none&#8221; width=&#8221;1\/1&#8243; tablet_width_inherit=&#8221;default&#8221; tablet_text_alignment=&#8221;default&#8221; phone_text_alignment=&#8221;default&#8221; overlay_strength=&#8221;0.3&#8243; column_border_width=&#8221;none&#8221; column_border_style=&#8221;solid&#8221; bg_image_animation=&#8221;none&#8221;][vc_column_text]\n<p style=\"text-align: center;\">3 blocs sanitaires avec eau chaude, espaces PMR (r\u00e9serv\u00e9s aux personnes \u00e0 mobilit\u00e9 r\u00e9duite). Espace b\u00e9b\u00e9 (baignoire). Plage naturelle en bord de rivi\u00e8re Dr\u00f4me. Animaux accept\u00e9s. Piscine.Buvette. Aires de jeux enfants. Terrains de volley, de p\u00e9tanque, de ping-pong. Wifi gratuit \u00e0 l&#8217;espace d&#8217;accueil. Tri des d\u00e9chets et zone de compostage. Plus d\u2019infos sur nos services dans notre livret d\u2019accueil.<a href=\"https:\/\/thelisresa.webcamp.fr\/?camping=die26&amp;PHPSESSID=r6gqpbehl757ggncpbcqdcs51b\"><strong> R\u00e9servation indispensable pour la haute saison.<\/strong><\/a><\/p>\n[\/vc_column_text][\/vc_column][\/vc_row][vc_row type=&#8221;full_width_background&#8221; full_screen_row_position=&#8221;middle&#8221; column_margin=&#8221;default&#8221; bg_image=&#8221;8644&#8243; bg_position=&#8221;center center&#8221; bg_repeat=&#8221;no-repeat&#8221; scene_position=&#8221;center&#8221; text_color=&#8221;light&#8221; text_align=&#8221;left&#8221; top_padding=&#8221;7%&#8221; bottom_padding=&#8221;7%&#8221; overlay_strength=&#8221;0.3&#8243; shape_divider_position=&#8221;bottom&#8221; bg_image_animation=&#8221;none&#8221; shape_type=&#8221;&#8221;][vc_column column_padding=&#8221;no-extra-padding&#8221; column_padding_position=&#8221;all&#8221; background_color_opacity=&#8221;1&#8243; background_hover_color_opacity=&#8221;1&#8243; column_link_target=&#8221;_self&#8221; column_shadow=&#8221;none&#8221; column_border_radius=&#8221;none&#8221; width=&#8221;1\/1&#8243; tablet_width_inherit=&#8221;default&#8221; tablet_text_alignment=&#8221;default&#8221; phone_text_alignment=&#8221;default&#8221; overlay_strength=&#8221;0.3&#8243; column_border_width=&#8221;none&#8221; column_border_style=&#8221;solid&#8221; bg_image_animation=&#8221;none&#8221;][vc_row_inner column_margin=&#8221;default&#8221; text_align=&#8221;left&#8221;][vc_column_inner column_padding=&#8221;no-extra-padding&#8221; column_padding_position=&#8221;all&#8221; background_color_opacity=&#8221;1&#8243; background_hover_color_opacity=&#8221;1&#8243; column_shadow=&#8221;none&#8221; column_border_radius=&#8221;none&#8221; column_link_target=&#8221;_self&#8221; width=&#8221;1\/2&#8243; tablet_width_inherit=&#8221;default&#8221; overlay_strength=&#8221;0.3&#8243; column_border_width=&#8221;none&#8221; column_border_style=&#8221;solid&#8221; bg_image_animation=&#8221;none&#8221;][\/vc_column_inner][vc_column_inner column_padding=&#8221;padding-5-percent&#8221; column_padding_position=&#8221;all&#8221; background_color=&#8221;#7db927&#8243; background_color_opacity=&#8221;1&#8243; background_hover_color_opacity=&#8221;1&#8243; column_shadow=&#8221;none&#8221; column_border_radius=&#8221;none&#8221; column_link_target=&#8221;_self&#8221; width=&#8221;1\/2&#8243; tablet_width_inherit=&#8221;default&#8221; overlay_strength=&#8221;0.3&#8243; column_border_width=&#8221;none&#8221; column_border_style=&#8221;solid&#8221; bg_image_animation=&#8221;none&#8221;]<div id=\"ultimate-heading-14106a01ee3424be2\" class=\"uvc-heading ult-adjust-bottom-margin ultimate-heading-14106a01ee3424be2 uvc-2967 \" data-hspacer=\"no_spacer\"  data-halign=\"left\" style=\"text-align:left\"><div class=\"uvc-heading-spacer no_spacer\" style=\"top\"><\/div><div class=\"uvc-main-heading ult-responsive\"  data-ultimate-target='.uvc-heading.ultimate-heading-14106a01ee3424be2 div'  data-responsive-json-new='{\"font-size\":\"desktop:15px;\",\"line-height\":\"\"}' ><div style=\"font-family:&#039;Quicksand&#039;;font-weight:700;color:#444444;\">nieuws<\/div><\/div><div class=\"uvc-sub-heading ult-responsive\"  data-ultimate-target='.uvc-heading.ultimate-heading-14106a01ee3424be2 .uvc-sub-heading '  data-responsive-json-new='{\"font-size\":\"desktop:35px;\",\"line-height\":\"\"}'  style=\"font-family:&#039;Quicksand&#039;;font-weight:700;\">Openingstijden van de receptie<\/div><\/div>[vc_column_text]In het laag- en middenseizoen kiest u een plaats, gaat u staan en komt u zich vervolgens bij de receptie inschrijven. In het hoogseizoen dient u zich eerst bij de receptie te melden voordat u zich installeert.[\/vc_column_text][divider line_type=&#8221;No Line&#8221; custom_height=&#8221;25&#8243;][vc_column_text]Basse &amp; moyenne saison :<br \/>\n<strong>9h-12h \/ 15h-19h<\/strong>[\/vc_column_text][divider line_type=&#8221;Small Line&#8221; line_alignment=&#8221;default&#8221; line_thickness=&#8221;1&#8243; divider_color=&#8221;default&#8221; custom_height=&#8221;15&#8243; custom_line_width=&#8221;55&#8243;][vc_column_text]Haute saison :<br \/>\n<strong>9h-12h30 \/ 14h-19h30<\/strong>[\/vc_column_text][\/vc_column_inner][\/vc_row_inner][\/vc_column][\/vc_row][vc_row type=&#8221;full_width_content&#8221; full_screen_row_position=&#8221;middle&#8221; column_margin=&#8221;default&#8221; scene_position=&#8221;center&#8221; text_color=&#8221;dark&#8221; text_align=&#8221;left&#8221; top_padding=&#8221;5%&#8221; bottom_padding=&#8221;0&#8243; overlay_strength=&#8221;0.3&#8243; shape_divider_position=&#8221;bottom&#8221; bg_image_animation=&#8221;none&#8221; shape_type=&#8221;&#8221;][vc_column column_padding=&#8221;no-extra-padding&#8221; column_padding_position=&#8221;all&#8221; background_color_opacity=&#8221;1&#8243; background_hover_color_opacity=&#8221;1&#8243; column_link_target=&#8221;_self&#8221; column_shadow=&#8221;none&#8221; column_border_radius=&#8221;none&#8221; width=&#8221;1\/1&#8243; tablet_width_inherit=&#8221;default&#8221; tablet_text_alignment=&#8221;default&#8221; phone_text_alignment=&#8221;default&#8221; overlay_strength=&#8221;0.3&#8243; column_border_width=&#8221;none&#8221; column_border_style=&#8221;solid&#8221; bg_image_animation=&#8221;none&#8221;]<div id=\"ultimate-heading-42296a01ee3424c59\" class=\"uvc-heading ult-adjust-bottom-margin ultimate-heading-42296a01ee3424c59 uvc-8637 \" data-hspacer=\"no_spacer\"  data-halign=\"center\" style=\"text-align:center\"><div class=\"uvc-heading-spacer no_spacer\" style=\"top\"><\/div><div class=\"uvc-main-heading ult-responsive\"  data-ultimate-target='.uvc-heading.ultimate-heading-42296a01ee3424c59 div'  data-responsive-json-new='{\"font-size\":\"desktop:35px;\",\"line-height\":\"desktop:35px;\"}' ><div style=\"font-family:&#039;Quicksand&#039;;font-weight:700;color:#7db927;margin-bottom:20px;\">Afbeeldingen<\/div><\/div><\/div><div id=\"6a01ee3424e00\" class=\"gg_gallery_wrap gg_true_gallery gg_masonry_gallery gid_6197 gg_hidden_ol gg_ol_bottom_mode gg_main_ol_show_on_h \" data-gg_ol=\"default\" data-col-num=\"5\" data-ggom_fx=\"\" data-ggom_timing=\"300\" rel=\"6197\" data-nores-txt=\"No images found\">      <div class=\"gg_loader\">  <div class=\"ggl_1\"><\/div>  <div class=\"ggl_2\"><\/div>  <div class=\"ggl_3\"><\/div>  <div class=\"ggl_4\"><\/div><\/div>  <div class=\"gg_container\"><div class=\"gg_img \" data-gg-url=\"https:\/\/www.camping-die.com\/wp-content\/galeries\/camping\/emplacement-camping-die-drome-27.jpg\" data-gg-title=\"\" data-gg-author=\"\" data-gg-descr=\"\" data-img-id=\"0\" rel=\"6197\">  <div class=\"gg_img_inner\"><div class=\"gg_main_img_wrap\"><div class=\"gg_img_wrap_inner\"><img decoding=\"async\" src=\"\" data-gg-lazy-src=\"\/\/www.camping-die.com\/wp-content\/uploads\/ewpt_cache\/390x0_100_1_c_FFFFFF_5b807078c504c81e1621d8a5d525db36.jpg\" alt=\"\" class=\"gg_photo gg_main_thumb\" \/><noscript><img decoding=\"async\" src=\"https:\/\/www.camping-die.com\/wp-content\/galeries\/camping\/emplacement-camping-die-drome-27.jpg\" alt=\"\" \/><\/noscript><\/div><\/div><div class=\"gg_overlays\"><\/div><\/div><\/div><div class=\"gg_img \" data-gg-url=\"https:\/\/www.camping-die.com\/wp-content\/galeries\/camping\/emplacement-camping-die-drome-24.jpg\" data-gg-title=\"\" data-gg-author=\"\" data-gg-descr=\"\" data-img-id=\"1\" rel=\"6197\">  <div class=\"gg_img_inner\"><div class=\"gg_main_img_wrap\"><div class=\"gg_img_wrap_inner\"><img decoding=\"async\" src=\"\" data-gg-lazy-src=\"\/\/www.camping-die.com\/wp-content\/uploads\/ewpt_cache\/390x0_100_1_c_FFFFFF_8e56591280aa8581a77896794024472c.jpg\" alt=\"\" class=\"gg_photo gg_main_thumb\" \/><noscript><img decoding=\"async\" src=\"https:\/\/www.camping-die.com\/wp-content\/galeries\/camping\/emplacement-camping-die-drome-24.jpg\" alt=\"\" \/><\/noscript><\/div><\/div><div class=\"gg_overlays\"><\/div><\/div><\/div><div class=\"gg_img \" data-gg-url=\"https:\/\/www.camping-die.com\/wp-content\/galeries\/camping\/emplacement-tente-camping-die-drome-2.jpg\" data-gg-title=\"\" data-gg-author=\"\" data-gg-descr=\"\" data-img-id=\"2\" rel=\"6197\">  <div class=\"gg_img_inner\"><div class=\"gg_main_img_wrap\"><div class=\"gg_img_wrap_inner\"><img decoding=\"async\" src=\"\" data-gg-lazy-src=\"\/\/www.camping-die.com\/wp-content\/uploads\/ewpt_cache\/390x0_100_1_c_FFFFFF_0222bd379961ac6525ba320039881371.jpg\" alt=\"\" class=\"gg_photo gg_main_thumb\" \/><noscript><img decoding=\"async\" src=\"https:\/\/www.camping-die.com\/wp-content\/galeries\/camping\/emplacement-tente-camping-die-drome-2.jpg\" alt=\"\" \/><\/noscript><\/div><\/div><div class=\"gg_overlays\"><\/div><\/div><\/div><div class=\"gg_img \" data-gg-url=\"https:\/\/www.camping-die.com\/wp-content\/galeries\/camping\/camping-avec-piscine-montagne-die-drome-37.jpg\" data-gg-title=\"\" data-gg-author=\"\" data-gg-descr=\"\" data-img-id=\"3\" rel=\"6197\">  <div class=\"gg_img_inner\"><div class=\"gg_main_img_wrap\"><div class=\"gg_img_wrap_inner\"><img decoding=\"async\" src=\"\" data-gg-lazy-src=\"\/\/www.camping-die.com\/wp-content\/uploads\/ewpt_cache\/390x0_100_1_c_FFFFFF_8a42f72b852ccc76164ae14fc8d81279.jpg\" alt=\"\" class=\"gg_photo gg_main_thumb\" \/><noscript><img decoding=\"async\" src=\"https:\/\/www.camping-die.com\/wp-content\/galeries\/camping\/camping-avec-piscine-montagne-die-drome-37.jpg\" alt=\"\" \/><\/noscript><\/div><\/div><div class=\"gg_overlays\"><\/div><\/div><\/div><div class=\"gg_img \" data-gg-url=\"https:\/\/www.camping-die.com\/wp-content\/galeries\/camping\/emplacement-camping-die-drome-23.jpg\" data-gg-title=\"\" data-gg-author=\"\" data-gg-descr=\"\" data-img-id=\"4\" rel=\"6197\">  <div class=\"gg_img_inner\"><div class=\"gg_main_img_wrap\"><div class=\"gg_img_wrap_inner\"><img decoding=\"async\" src=\"\" data-gg-lazy-src=\"\/\/www.camping-die.com\/wp-content\/uploads\/ewpt_cache\/390x0_100_1_c_FFFFFF_e2f00b1ede7a70dac09159d37f96f554.jpg\" alt=\"\" class=\"gg_photo gg_main_thumb\" \/><noscript><img decoding=\"async\" src=\"https:\/\/www.camping-die.com\/wp-content\/galeries\/camping\/emplacement-camping-die-drome-23.jpg\" alt=\"\" \/><\/noscript><\/div><\/div><div class=\"gg_overlays\"><\/div><\/div><\/div><div class=\"gg_img \" data-gg-url=\"https:\/\/www.camping-die.com\/wp-content\/galeries\/camping\/emplacement-tente-camping-die-drome-1.jpg\" data-gg-title=\"\" data-gg-author=\"\" data-gg-descr=\"\" data-img-id=\"5\" rel=\"6197\">  <div class=\"gg_img_inner\"><div class=\"gg_main_img_wrap\"><div class=\"gg_img_wrap_inner\"><img decoding=\"async\" src=\"\" data-gg-lazy-src=\"\/\/www.camping-die.com\/wp-content\/uploads\/ewpt_cache\/390x0_100_1_c_FFFFFF_f3b42c897fe7a6dc63f664754df26edd.jpg\" alt=\"\" class=\"gg_photo gg_main_thumb\" \/><noscript><img decoding=\"async\" src=\"https:\/\/www.camping-die.com\/wp-content\/galeries\/camping\/emplacement-tente-camping-die-drome-1.jpg\" alt=\"\" \/><\/noscript><\/div><\/div><div class=\"gg_overlays\"><\/div><\/div><\/div><div class=\"gg_img \" data-gg-url=\"https:\/\/www.camping-die.com\/wp-content\/galeries\/camping\/camping_sanitaire_ext2.jpg\" data-gg-title=\"\" data-gg-author=\"\" data-gg-descr=\"\" data-img-id=\"6\" rel=\"6197\">  <div class=\"gg_img_inner\"><div class=\"gg_main_img_wrap\"><div class=\"gg_img_wrap_inner\"><img decoding=\"async\" src=\"\" data-gg-lazy-src=\"\/\/www.camping-die.com\/wp-content\/uploads\/ewpt_cache\/390x0_100_1_c_FFFFFF_e4549b49c42f894563dd6af94c858de2.jpg\" alt=\"\" class=\"gg_photo gg_main_thumb\" \/><noscript><img decoding=\"async\" src=\"https:\/\/www.camping-die.com\/wp-content\/galeries\/camping\/camping_sanitaire_ext2.jpg\" alt=\"\" \/><\/noscript><\/div><\/div><div class=\"gg_overlays\"><\/div><\/div><\/div><div class=\"gg_img \" data-gg-url=\"https:\/\/www.camping-die.com\/wp-content\/galeries\/camping\/emplacement-tente-camping-die-drome-3.jpg\" data-gg-title=\"\" data-gg-author=\"\" data-gg-descr=\"\" data-img-id=\"7\" rel=\"6197\">  <div class=\"gg_img_inner\"><div class=\"gg_main_img_wrap\"><div class=\"gg_img_wrap_inner\"><img decoding=\"async\" src=\"\" data-gg-lazy-src=\"\/\/www.camping-die.com\/wp-content\/uploads\/ewpt_cache\/390x0_100_1_c_FFFFFF_c4998e982c7c98419df386747014ebf8.jpg\" alt=\"\" class=\"gg_photo gg_main_thumb\" \/><noscript><img decoding=\"async\" src=\"https:\/\/www.camping-die.com\/wp-content\/galeries\/camping\/emplacement-tente-camping-die-drome-3.jpg\" alt=\"\" \/><\/noscript><\/div><\/div><div class=\"gg_overlays\"><\/div><\/div><\/div><div class=\"gg_img \" data-gg-url=\"https:\/\/www.camping-die.com\/wp-content\/galeries\/camping\/emplacement-camping-die-drome-26.jpg\" data-gg-title=\"\" data-gg-author=\"\" data-gg-descr=\"\" data-img-id=\"8\" rel=\"6197\">  <div class=\"gg_img_inner\"><div class=\"gg_main_img_wrap\"><div class=\"gg_img_wrap_inner\"><img decoding=\"async\" src=\"\" data-gg-lazy-src=\"\/\/www.camping-die.com\/wp-content\/uploads\/ewpt_cache\/390x0_100_1_c_FFFFFF_705c69b52c52fbf546ccbaf596c434d9.jpg\" alt=\"\" class=\"gg_photo gg_main_thumb\" \/><noscript><img decoding=\"async\" src=\"https:\/\/www.camping-die.com\/wp-content\/galeries\/camping\/emplacement-camping-die-drome-26.jpg\" alt=\"\" \/><\/noscript><\/div><\/div><div class=\"gg_overlays\"><\/div><\/div><\/div><div class=\"gg_img \" data-gg-url=\"https:\/\/www.camping-die.com\/wp-content\/galeries\/camping\/camping_sanitaire_ext.jpg\" data-gg-title=\"\" data-gg-author=\"\" data-gg-descr=\"\" data-img-id=\"9\" rel=\"6197\">  <div class=\"gg_img_inner\"><div class=\"gg_main_img_wrap\"><div class=\"gg_img_wrap_inner\"><img decoding=\"async\" src=\"\" data-gg-lazy-src=\"\/\/www.camping-die.com\/wp-content\/uploads\/ewpt_cache\/390x0_100_1_c_FFFFFF_b75ba92307028cbd42fc21da0bc7412b.jpg\" alt=\"\" class=\"gg_photo gg_main_thumb\" \/><noscript><img decoding=\"async\" src=\"https:\/\/www.camping-die.com\/wp-content\/galeries\/camping\/camping_sanitaire_ext.jpg\" alt=\"\" \/><\/noscript><\/div><\/div><div class=\"gg_overlays\"><\/div><\/div><\/div><\/div><div style=\"clear: both;\"><\/div><\/div><script type=\"text\/javascript\"> jQuery(document).ready(function($) { if(typeof(gg_galleries_init) == \"function\") {gg_galleries_init(\"6a01ee3424e00\"); }});<\/script>[\/vc_column][\/vc_row][vc_row type=&#8221;full_width_background&#8221; full_screen_row_position=&#8221;middle&#8221; column_margin=&#8221;default&#8221; bg_color=&#8221;#efffff&#8221; scene_position=&#8221;center&#8221; text_color=&#8221;dark&#8221; text_align=&#8221;left&#8221; overlay_strength=&#8221;0.3&#8243; shape_divider_position=&#8221;bottom&#8221; bg_image_animation=&#8221;none&#8221; shape_type=&#8221;&#8221;][vc_column column_padding=&#8221;no-extra-padding&#8221; column_padding_position=&#8221;all&#8221; background_color_opacity=&#8221;1&#8243; background_hover_color_opacity=&#8221;1&#8243; column_link_target=&#8221;_self&#8221; column_shadow=&#8221;none&#8221; column_border_radius=&#8221;none&#8221; width=&#8221;1\/1&#8243; tablet_width_inherit=&#8221;default&#8221; tablet_text_alignment=&#8221;default&#8221; phone_text_alignment=&#8221;default&#8221; overlay_strength=&#8221;0.3&#8243; column_border_width=&#8221;none&#8221; column_border_style=&#8221;solid&#8221; bg_image_animation=&#8221;none&#8221;][\/vc_column][\/vc_row]\n","protected":false},"excerpt":{"rendered":"Camping aan de rivierIn een prachtige natuurlijke omgeving! Gevoel van ruimte-Schaduwrijke standplaatsen van 80 -120m\u00b2, gescheiden door hagen van planten of uitziende op weidse ruimten, ideaal voor groepen kinderen, jongeren...","protected":false},"author":1,"featured_media":0,"parent":7305,"menu_order":0,"comment_status":"closed","ping_status":"closed","template":"","meta":{"footnotes":""},"class_list":["post-7378","page","type-page","status-publish"],"yoast_head":"<!-- This site is optimized with the Yoast SEO plugin v15.0 - https:\/\/yoast.com\/wordpress\/plugins\/seo\/ -->\n<title>Presentatie - Camping municipal de Justin \u00e0 Die<\/title>\n<meta name=\"robots\" content=\"index, follow, max-snippet:-1, max-image-preview:large, max-video-preview:-1\" \/>\n<link rel=\"canonical\" href=\"https:\/\/www.camping-die.com\/nl\/de-camping-2\/presentatie\/\" \/>\n<meta property=\"og:locale\" content=\"nl_NL\" \/>\n<meta property=\"og:type\" content=\"article\" \/>\n<meta property=\"og:title\" content=\"Presentatie - Camping municipal de Justin \u00e0 Die\" \/>\n<meta property=\"og:url\" content=\"https:\/\/www.camping-die.com\/nl\/de-camping-2\/presentatie\/\" \/>\n<meta property=\"og:site_name\" content=\"Camping municipal de Justin \u00e0 Die\" \/>\n<meta property=\"article:modified_time\" content=\"2026-01-23T14:10:15+00:00\" \/>\n<meta name=\"twitter:card\" content=\"summary_large_image\" \/>\n<script type=\"application\/ld+json\" class=\"yoast-schema-graph\">{\"@context\":\"https:\/\/schema.org\",\"@graph\":[{\"@type\":\"WebSite\",\"@id\":\"https:\/\/www.camping-die.com\/nl\/#website\",\"url\":\"https:\/\/www.camping-die.com\/nl\/\",\"name\":\"Camping municipal de Justin \\u00e0 Die\",\"description\":\"Camping Municipal de Die dans la Dr\\u00f4me\",\"potentialAction\":[{\"@type\":\"SearchAction\",\"target\":\"https:\/\/www.camping-die.com\/nl\/?s={search_term_string}\",\"query-input\":\"required name=search_term_string\"}],\"inLanguage\":\"nl-NL\"},{\"@type\":\"WebPage\",\"@id\":\"https:\/\/www.camping-die.com\/nl\/de-camping-2\/presentatie\/#webpage\",\"url\":\"https:\/\/www.camping-die.com\/nl\/de-camping-2\/presentatie\/\",\"name\":\"Presentatie - Camping municipal de Justin \\u00e0 Die\",\"isPartOf\":{\"@id\":\"https:\/\/www.camping-die.com\/nl\/#website\"},\"datePublished\":\"2017-12-13T12:57:49+00:00\",\"dateModified\":\"2026-01-23T14:10:15+00:00\",\"inLanguage\":\"nl-NL\",\"potentialAction\":[{\"@type\":\"ReadAction\",\"target\":[\"https:\/\/www.camping-die.com\/nl\/de-camping-2\/presentatie\/\"]}]}]}<\/script>\n<!-- \/ Yoast SEO plugin. -->","_links":{"self":[{"href":"https:\/\/www.camping-die.com\/nl\/wp-json\/wp\/v2\/pages\/7378","targetHints":{"allow":["GET"]}}],"collection":[{"href":"https:\/\/www.camping-die.com\/nl\/wp-json\/wp\/v2\/pages"}],"about":[{"href":"https:\/\/www.camping-die.com\/nl\/wp-json\/wp\/v2\/types\/page"}],"author":[{"embeddable":true,"href":"https:\/\/www.camping-die.com\/nl\/wp-json\/wp\/v2\/users\/1"}],"replies":[{"embeddable":true,"href":"https:\/\/www.camping-die.com\/nl\/wp-json\/wp\/v2\/comments?post=7378"}],"version-history":[{"count":5,"href":"https:\/\/www.camping-die.com\/nl\/wp-json\/wp\/v2\/pages\/7378\/revisions"}],"predecessor-version":[{"id":9795,"href":"https:\/\/www.camping-die.com\/nl\/wp-json\/wp\/v2\/pages\/7378\/revisions\/9795"}],"up":[{"embeddable":true,"href":"https:\/\/www.camping-die.com\/nl\/wp-json\/wp\/v2\/pages\/7305"}],"wp:attachment":[{"href":"https:\/\/www.camping-die.com\/nl\/wp-json\/wp\/v2\/media?parent=7378"}],"curies":[{"name":"wp","href":"https:\/\/api.w.org\/{rel}","templated":true}]}}